{"id":612,"date":"2021-03-26T10:04:13","date_gmt":"2021-03-26T10:04:13","guid":{"rendered":"http:\/\/localhost\/nuss\/?page_id=612"},"modified":"2025-03-09T17:30:56","modified_gmt":"2025-03-09T17:30:56","slug":"restaurant","status":"publish","type":"page","link":"https:\/\/hotelchaletshanghai.com\/fr\/restaurant\/","title":{"rendered":"Restaurant"},"content":{"rendered":"<div data-elementor-type=\"wp-page\" data-elementor-id=\"612\" class=\"elementor elementor-612\">\n\t\t\t\t\t\t<section class=\"elementor-section elementor-top-section elementor-element elementor-element-e2effe8 elementor-section-boxed elementor-section-gap-beside-yes elementor-section-height-default elementor-section-height-default elementor-section-column-vertical-align-stretch\" data-id=\"e2effe8\" data-element_type=\"section\" data-e-type=\"section\">\n\t\t\t\t\t\t<div class=\"elementor-container elementor-column-gap-extended\">\n\t\t\t\t\t<div class=\"elementor-column elementor-col-100 elementor-top-column elementor-element elementor-element-e18f688\" data-id=\"e18f688\" data-element_type=\"column\" data-e-type=\"column\">\n\t\t\t<div class=\"elementor-widget-wrap elementor-element-populated\">\n\t\t\t\t\t\t<div class=\"elementor-element elementor-element-6db146d elementor-widget__width-initial elementor-invisible elementor-widget elementor-widget-text-editor\" data-id=\"6db146d\" data-element_type=\"widget\" data-e-type=\"widget\" data-settings=\"{&quot;_animation&quot;:&quot;nussFadeInUp&quot;}\" data-widget_type=\"text-editor.default\">\n\t\t\t\t<div class=\"elementor-widget-container\">\n\t\t\t\t\t\t\t\t\t<p>**Bienvenue \u00e0 l&#039;H\u00f4tel Chalet Shanghai \u2013 Un voyage culinaire \u00e0 travers la tradition et l&#039;innovation**<\/p><p>Nich\u00e9 au c\u0153ur de Shanghai, au 558 Hankou Road, l&#039;H\u00f4tel Chalet Shanghai vous offre bien plus qu&#039;un simple s\u00e9jour\u00a0; il vous invite \u00e0 savourer une exp\u00e9rience culinaire alliant harmonieusement le riche h\u00e9ritage de la cuisine chinoise \u00e0 l&#039;art culinaire moderne. Notre restaurant est un v\u00e9ritable sanctuaire pour les gourmands, o\u00f9 chaque plat raconte une histoire de savoir-faire, d&#039;authenticit\u00e9 et de passion.<\/p>\t\t\t\t\t\t\t\t<\/div>\n\t\t\t\t<\/div>\n\t\t\t\t\t<\/div>\n\t\t<\/div>\n\t\t\t\t\t<\/div>\n\t\t<\/section>\n\t\t<div class=\"elementor-element elementor-element-cc38c48 e-flex e-con-boxed e-con e-parent\" data-id=\"cc38c48\" data-element_type=\"container\" data-e-type=\"container\">\n\t\t\t\t\t<div class=\"e-con-inner\">\n\t\t\t\t<div class=\"elementor-element elementor-element-8d2a633 elementor-widget elementor-widget-image\" data-id=\"8d2a633\" data-element_type=\"widget\" data-e-type=\"widget\" data-widget_type=\"image.default\">\n\t\t\t\t<div class=\"elementor-widget-container\">\n\t\t\t\t\t\t\t\t\t\t\t\t\t\t\t<img fetchpriority=\"high\" decoding=\"async\" width=\"1024\" height=\"682\" src=\"https:\/\/hotelchaletshanghai.com\/wp-content\/uploads\/2025\/03\/restaurant-1024x682.webp\" class=\"attachment-large size-large wp-image-5556\" alt=\"\" srcset=\"https:\/\/hotelchaletshanghai.com\/wp-content\/uploads\/2025\/03\/restaurant-1024x682.webp 1024w, https:\/\/hotelchaletshanghai.com\/wp-content\/uploads\/2025\/03\/restaurant-300x200.webp 300w, https:\/\/hotelchaletshanghai.com\/wp-content\/uploads\/2025\/03\/restaurant-768x512.webp 768w, https:\/\/hotelchaletshanghai.com\/wp-content\/uploads\/2025\/03\/restaurant.webp 1280w\" sizes=\"(max-width: 1024px) 100vw, 1024px\" \/>\t\t\t\t\t\t\t\t\t\t\t\t\t\t\t<\/div>\n\t\t\t\t<\/div>\n\t\t\t\t\t<\/div>\n\t\t\t\t<\/div>\n\t\t<div class=\"elementor-element elementor-element-e2b78e7 e-flex e-con-boxed e-con e-parent\" data-id=\"e2b78e7\" data-element_type=\"container\" data-e-type=\"container\">\n\t\t\t\t\t<div class=\"e-con-inner\">\n\t\t\t\t<div class=\"elementor-element elementor-element-6fdeff5 elementor-widget elementor-widget-text-editor\" data-id=\"6fdeff5\" data-element_type=\"widget\" data-e-type=\"widget\" data-widget_type=\"text-editor.default\">\n\t\t\t\t<div class=\"elementor-widget-container\">\n\t\t\t\t\t\t\t\t\t<p>Des saveurs d\u00e9licates des classiques shangha\u00efens \u00e0 l&#039;audace cr\u00e9ative d&#039;une cuisine fusion contemporaine, notre menu c\u00e9l\u00e8bre les ingr\u00e9dients locaux et l&#039;inspiration internationale. Que vous vous r\u00e9galiez de notre Xiao Long Bao signature, \u00e9labor\u00e9 avec pr\u00e9cision, ou que vous d\u00e9couvriez nos menus d\u00e9gustation de saison, chaque bouch\u00e9e vous transportera dans un monde de d\u00e9lices gastronomiques.<\/p><p>Entrez dans notre \u00e9l\u00e9gant espace de restauration, o\u00f9 l&#039;hospitalit\u00e9 chaleureuse se marie \u00e0 une ambiance raffin\u00e9e, et laissez-vous transporter dans un voyage qui met \u00e0 l&#039;honneur l&#039;essence m\u00eame de la culture culinaire dynamique de Shanghai. \u00c0 l&#039;H\u00f4tel Chalet Shanghai, chaque repas est une exp\u00e9rience inoubliable.<\/p>\t\t\t\t\t\t\t\t<\/div>\n\t\t\t\t<\/div>\n\t\t\t\t\t<\/div>\n\t\t\t\t<\/div>\n\t\t\t\t<\/div>","protected":false},"excerpt":{"rendered":"<p>**Welcome to Hotel Chalet Shanghai \u2013 A Culinary Journey Through Tradition and Innovation** Nestled in the heart of Shanghai at No. 558 Hankou Road, Hotel Chalet Shanghai offers more than just a stay; it invites you to savor a dining experience that harmoniously blends the rich heritage of Chinese cuisine with modern culinary artistry. Our [&hellip;]<\/p>\n","protected":false},"author":1,"featured_media":0,"parent":0,"menu_order":0,"comment_status":"closed","ping_status":"closed","template":"elementor_header_footer","meta":{"footnotes":""},"class_list":["post-612","page","type-page","status-publish","hentry","post-no-thumbnail"],"_links":{"self":[{"href":"https:\/\/hotelchaletshanghai.com\/fr\/wp-json\/wp\/v2\/pages\/612","targetHints":{"allow":["GET"]}}],"collection":[{"href":"https:\/\/hotelchaletshanghai.com\/fr\/wp-json\/wp\/v2\/pages"}],"about":[{"href":"https:\/\/hotelchaletshanghai.com\/fr\/wp-json\/wp\/v2\/types\/page"}],"author":[{"embeddable":true,"href":"https:\/\/hotelchaletshanghai.com\/fr\/wp-json\/wp\/v2\/users\/1"}],"replies":[{"embeddable":true,"href":"https:\/\/hotelchaletshanghai.com\/fr\/wp-json\/wp\/v2\/comments?post=612"}],"version-history":[{"count":0,"href":"https:\/\/hotelchaletshanghai.com\/fr\/wp-json\/wp\/v2\/pages\/612\/revisions"}],"wp:attachment":[{"href":"https:\/\/hotelchaletshanghai.com\/fr\/wp-json\/wp\/v2\/media?parent=612"}],"curies":[{"name":"wp","href":"https:\/\/api.w.org\/{rel}","templated":true}]}}