{"id":612,"date":"2021-03-26T10:04:13","date_gmt":"2021-03-26T10:04:13","guid":{"rendered":"http:\/\/localhost\/nuss\/?page_id=612"},"modified":"2025-03-09T17:30:56","modified_gmt":"2025-03-09T17:30:56","slug":"restaurante","status":"publish","type":"page","link":"https:\/\/hotelchaletshanghai.com\/es\/restaurant\/","title":{"rendered":"Restaurante"},"content":{"rendered":"<div data-elementor-type=\"wp-page\" data-elementor-id=\"612\" class=\"elementor elementor-612\">\n\t\t\t\t\t\t<section class=\"elementor-section elementor-top-section elementor-element elementor-element-e2effe8 elementor-section-boxed elementor-section-gap-beside-yes elementor-section-height-default elementor-section-height-default elementor-section-column-vertical-align-stretch\" data-id=\"e2effe8\" data-element_type=\"section\" data-e-type=\"section\">\n\t\t\t\t\t\t<div class=\"elementor-container elementor-column-gap-extended\">\n\t\t\t\t\t<div class=\"elementor-column elementor-col-100 elementor-top-column elementor-element elementor-element-e18f688\" data-id=\"e18f688\" data-element_type=\"column\" data-e-type=\"column\">\n\t\t\t<div class=\"elementor-widget-wrap elementor-element-populated\">\n\t\t\t\t\t\t<div class=\"elementor-element elementor-element-6db146d elementor-widget__width-initial elementor-invisible elementor-widget elementor-widget-text-editor\" data-id=\"6db146d\" data-element_type=\"widget\" data-e-type=\"widget\" data-settings=\"{&quot;_animation&quot;:&quot;nussFadeInUp&quot;}\" data-widget_type=\"text-editor.default\">\n\t\t\t\t<div class=\"elementor-widget-container\">\n\t\t\t\t\t\t\t\t\t<p>**Bienvenido al Hotel Chalet Shanghai: un viaje culinario a trav\u00e9s de la tradici\u00f3n y la innovaci\u00f3n**<\/p><p>Ubicado en el coraz\u00f3n de Shangh\u00e1i, en el n\u00famero 558 de Hankou Road, el Hotel Chalet Shanghai ofrece mucho m\u00e1s que una simple estancia; le invita a disfrutar de una experiencia gastron\u00f3mica que combina armoniosamente la rica tradici\u00f3n de la cocina china con el arte culinario moderno. Nuestro restaurante es un santuario para los amantes de la gastronom\u00eda, donde cada plato cuenta una historia de artesan\u00eda, autenticidad y pasi\u00f3n.<\/p>\t\t\t\t\t\t\t\t<\/div>\n\t\t\t\t<\/div>\n\t\t\t\t\t<\/div>\n\t\t<\/div>\n\t\t\t\t\t<\/div>\n\t\t<\/section>\n\t\t<div class=\"elementor-element elementor-element-cc38c48 e-flex e-con-boxed e-con e-parent\" data-id=\"cc38c48\" data-element_type=\"container\" data-e-type=\"container\">\n\t\t\t\t\t<div class=\"e-con-inner\">\n\t\t\t\t<div class=\"elementor-element elementor-element-8d2a633 elementor-widget elementor-widget-image\" data-id=\"8d2a633\" data-element_type=\"widget\" data-e-type=\"widget\" data-widget_type=\"image.default\">\n\t\t\t\t<div class=\"elementor-widget-container\">\n\t\t\t\t\t\t\t\t\t\t\t\t\t\t\t<img fetchpriority=\"high\" decoding=\"async\" width=\"1024\" height=\"682\" src=\"https:\/\/hotelchaletshanghai.com\/wp-content\/uploads\/2025\/03\/restaurant-1024x682.webp\" class=\"attachment-large size-large wp-image-5556\" alt=\"\" srcset=\"https:\/\/hotelchaletshanghai.com\/wp-content\/uploads\/2025\/03\/restaurant-1024x682.webp 1024w, https:\/\/hotelchaletshanghai.com\/wp-content\/uploads\/2025\/03\/restaurant-300x200.webp 300w, https:\/\/hotelchaletshanghai.com\/wp-content\/uploads\/2025\/03\/restaurant-768x512.webp 768w, https:\/\/hotelchaletshanghai.com\/wp-content\/uploads\/2025\/03\/restaurant.webp 1280w\" sizes=\"(max-width: 1024px) 100vw, 1024px\" \/>\t\t\t\t\t\t\t\t\t\t\t\t\t\t\t<\/div>\n\t\t\t\t<\/div>\n\t\t\t\t\t<\/div>\n\t\t\t\t<\/div>\n\t\t<div class=\"elementor-element elementor-element-e2b78e7 e-flex e-con-boxed e-con e-parent\" data-id=\"e2b78e7\" data-element_type=\"container\" data-e-type=\"container\">\n\t\t\t\t\t<div class=\"e-con-inner\">\n\t\t\t\t<div class=\"elementor-element elementor-element-6fdeff5 elementor-widget elementor-widget-text-editor\" data-id=\"6fdeff5\" data-element_type=\"widget\" data-e-type=\"widget\" data-widget_type=\"text-editor.default\">\n\t\t\t\t<div class=\"elementor-widget-container\">\n\t\t\t\t\t\t\t\t\t<p>Desde los delicados sabores de los cl\u00e1sicos shanghaineses hasta la audaz creatividad de la fusi\u00f3n contempor\u00e1nea, nuestro men\u00fa es una celebraci\u00f3n de ingredientes locales e inspiraci\u00f3n global. Ya sea que se deleite con nuestro Xiao Long Bao de autor, elaborado con precisi\u00f3n, o explore nuestros men\u00fas degustaci\u00f3n de temporada, cada bocado est\u00e1 dise\u00f1ado para transportarlo a un mundo de delicias gastron\u00f3micas.<\/p><p>Entre en nuestro elegante comedor, donde la c\u00e1lida hospitalidad se fusiona con un ambiente sofisticado, y perm\u00edtanos acompa\u00f1arle en un viaje que honra la esencia de la vibrante cultura gastron\u00f3mica de Shangh\u00e1i. En el Hotel Chalet Shanghai, cada comida es una experiencia inolvidable.<\/p>\t\t\t\t\t\t\t\t<\/div>\n\t\t\t\t<\/div>\n\t\t\t\t\t<\/div>\n\t\t\t\t<\/div>\n\t\t\t\t<\/div>","protected":false},"excerpt":{"rendered":"<p>**Welcome to Hotel Chalet Shanghai \u2013 A Culinary Journey Through Tradition and Innovation** Nestled in the heart of Shanghai at No. 558 Hankou Road, Hotel Chalet Shanghai offers more than just a stay; it invites you to savor a dining experience that harmoniously blends the rich heritage of Chinese cuisine with modern culinary artistry. Our [&hellip;]<\/p>\n","protected":false},"author":1,"featured_media":0,"parent":0,"menu_order":0,"comment_status":"closed","ping_status":"closed","template":"elementor_header_footer","meta":{"footnotes":""},"class_list":["post-612","page","type-page","status-publish","hentry","post-no-thumbnail"],"_links":{"self":[{"href":"https:\/\/hotelchaletshanghai.com\/es\/wp-json\/wp\/v2\/pages\/612","targetHints":{"allow":["GET"]}}],"collection":[{"href":"https:\/\/hotelchaletshanghai.com\/es\/wp-json\/wp\/v2\/pages"}],"about":[{"href":"https:\/\/hotelchaletshanghai.com\/es\/wp-json\/wp\/v2\/types\/page"}],"author":[{"embeddable":true,"href":"https:\/\/hotelchaletshanghai.com\/es\/wp-json\/wp\/v2\/users\/1"}],"replies":[{"embeddable":true,"href":"https:\/\/hotelchaletshanghai.com\/es\/wp-json\/wp\/v2\/comments?post=612"}],"version-history":[{"count":0,"href":"https:\/\/hotelchaletshanghai.com\/es\/wp-json\/wp\/v2\/pages\/612\/revisions"}],"wp:attachment":[{"href":"https:\/\/hotelchaletshanghai.com\/es\/wp-json\/wp\/v2\/media?parent=612"}],"curies":[{"name":"gracias","href":"https:\/\/api.w.org\/{rel}","templated":true}]}}