{"id":2103,"date":"2021-03-23T04:33:54","date_gmt":"2021-03-23T04:33:54","guid":{"rendered":"http:\/\/localhost\/nuss\/?page_id=103"},"modified":"2025-03-09T17:25:06","modified_gmt":"2025-03-09T17:25:06","slug":"sobre-nosotros","status":"publish","type":"page","link":"https:\/\/hotelchaletshanghai.com\/es\/about-us\/","title":{"rendered":"Sobre nosotros"},"content":{"rendered":"<div data-elementor-type=\"wp-page\" data-elementor-id=\"2103\" class=\"elementor elementor-2103\">\n\t\t\t\t\t\t<section class=\"elementor-section elementor-top-section elementor-element elementor-element-8f5bb9d elementor-section-boxed elementor-section-gap-beside-yes elementor-section-height-default elementor-section-height-default elementor-section-column-vertical-align-stretch\" data-id=\"8f5bb9d\" data-element_type=\"section\" data-e-type=\"section\">\n\t\t\t\t\t\t<div class=\"elementor-container elementor-column-gap-extended\">\n\t\t\t\t\t<div class=\"elementor-column elementor-col-100 elementor-top-column elementor-element elementor-element-7ec4215\" data-id=\"7ec4215\" data-element_type=\"column\" data-e-type=\"column\">\n\t\t\t<div class=\"elementor-widget-wrap elementor-element-populated\">\n\t\t\t\t\t\t<div class=\"elementor-element elementor-element-edd9d03 elementor-widget__width-initial elementor-invisible elementor-widget elementor-widget-text-editor\" data-id=\"edd9d03\" data-element_type=\"widget\" data-e-type=\"widget\" data-settings=\"{&quot;_animation&quot;:&quot;nussFadeInUp&quot;}\" data-widget_type=\"text-editor.default\">\n\t\t\t\t<div class=\"elementor-widget-container\">\n\t\t\t\t\t\t\t\t\t<p>Enclavado en el vibrante coraz\u00f3n de una de las metr\u00f3polis m\u00e1s din\u00e1micas de Asia, el Hotel Chalet Shanghai se alza como un poema arquitect\u00f3nico donde Oriente se encuentra con Occidente, la tradici\u00f3n se une a la innovaci\u00f3n y el lujo encuentra su expresi\u00f3n m\u00e1s aut\u00e9ntica. Ubicado en el n.\u00b0 558 de Hankou Road (\u6c49\u53e3\u8def), nuestro establecimiento ocupa una posici\u00f3n privilegiada en la encrucijada del hist\u00f3rico pasado de Shangh\u00e1i y su impresionante futuro.<\/p>\t\t\t\t\t\t\t\t<\/div>\n\t\t\t\t<\/div>\n\t\t\t\t\t<\/div>\n\t\t<\/div>\n\t\t\t\t\t<\/div>\n\t\t<\/section>\n\t\t\t\t<section class=\"elementor-section elementor-top-section elementor-element elementor-element-22f368b elementor-section-boxed elementor-section-gap-beside-yes elementor-section-height-default elementor-section-height-default elementor-section-column-vertical-align-stretch\" data-id=\"22f368b\" data-element_type=\"section\" data-e-type=\"section\">\n\t\t\t\t\t\t<div class=\"elementor-container elementor-column-gap-extended\">\n\t\t\t\t\t<div class=\"elementor-column elementor-col-50 elementor-top-column elementor-element elementor-element-cd50ecf\" data-id=\"cd50ecf\" data-element_type=\"column\" data-e-type=\"column\">\n\t\t\t<div class=\"elementor-widget-wrap elementor-element-populated\">\n\t\t\t\t\t\t<div class=\"elementor-element elementor-element-6811750 elementor-widget elementor-widget-text-editor\" data-id=\"6811750\" data-element_type=\"widget\" data-e-type=\"widget\" data-widget_type=\"text-editor.default\">\n\t\t\t\t<div class=\"elementor-widget-container\">\n\t\t\t\t\t\t\t\t\t<p>Al cruzar nuestras puertas de madera meticulosamente elaboradas, dejar\u00e1 atr\u00e1s el vibrante ritmo de la sinfon\u00eda urbana de Shangh\u00e1i y entrar\u00e1 en un reino donde la elegancia alpina armoniza con la hospitalidad china. El Hotel Chalet Shanghai representa una audaz reinvenci\u00f3n de lo que puede ser un refugio urbano de lujo: un santuario de inspiraci\u00f3n suiza en medio de las ambiciones verticales de la ciudad m\u00e1s cosmopolita de China.<\/p>\t\t\t\t\t\t\t\t<\/div>\n\t\t\t\t<\/div>\n\t\t\t\t\t<\/div>\n\t\t<\/div>\n\t\t\t\t<div class=\"elementor-column elementor-col-50 elementor-top-column elementor-element elementor-element-414be75\" data-id=\"414be75\" data-element_type=\"column\" data-e-type=\"column\">\n\t\t\t<div class=\"elementor-widget-wrap elementor-element-populated\">\n\t\t\t\t\t\t<div class=\"elementor-element elementor-element-1d6e131 elementor-invisible nuss-elementor-loading nuss-slide-in-left elementor-widget elementor-widget-image\" data-id=\"1d6e131\" data-element_type=\"widget\" data-e-type=\"widget\" data-settings=\"{&quot;_animation&quot;:&quot;nussSlideInLeft&quot;}\" data-widget_type=\"image.default\">\n\t\t\t\t<div class=\"elementor-widget-container\">\n\t\t\t\t\t\t\t\t\t\t\t\t\t\t\t<img fetchpriority=\"high\" decoding=\"async\" width=\"1024\" height=\"682\" src=\"https:\/\/hotelchaletshanghai.com\/wp-content\/uploads\/2025\/03\/0202f120008jdr6a52CE9_W_1280_853_R5-1024x682.webp\" class=\"attachment-large size-large wp-image-5552\" alt=\"\" srcset=\"https:\/\/hotelchaletshanghai.com\/wp-content\/uploads\/2025\/03\/0202f120008jdr6a52CE9_W_1280_853_R5-1024x682.webp 1024w, https:\/\/hotelchaletshanghai.com\/wp-content\/uploads\/2025\/03\/0202f120008jdr6a52CE9_W_1280_853_R5-300x200.webp 300w, https:\/\/hotelchaletshanghai.com\/wp-content\/uploads\/2025\/03\/0202f120008jdr6a52CE9_W_1280_853_R5-768x512.webp 768w, https:\/\/hotelchaletshanghai.com\/wp-content\/uploads\/2025\/03\/0202f120008jdr6a52CE9_W_1280_853_R5.webp 1280w\" sizes=\"(max-width: 1024px) 100vw, 1024px\" \/>\t\t\t\t\t\t\t\t\t\t\t\t\t\t\t<\/div>\n\t\t\t\t<\/div>\n\t\t\t\t\t<\/div>\n\t\t<\/div>\n\t\t\t\t\t<\/div>\n\t\t<\/section>\n\t\t\t\t<section class=\"elementor-section elementor-top-section elementor-element elementor-element-2393bc4 elementor-section-height-min-height elementor-section-stretched elementor-section-full_width elementor-section-items-stretch elementor-section-height-default elementor-section-column-vertical-align-stretch\" data-id=\"2393bc4\" data-element_type=\"section\" data-e-type=\"section\" data-settings=\"{&quot;stretch_section&quot;:&quot;section-stretched&quot;}\">\n\t\t\t\t\t\t<div class=\"elementor-container elementor-column-gap-no\">\n\t\t\t\t\t<div class=\"elementor-column elementor-col-50 elementor-top-column elementor-element elementor-element-41b487e\" data-id=\"41b487e\" data-element_type=\"column\" data-e-type=\"column\">\n\t\t\t<div class=\"elementor-widget-wrap elementor-element-populated\">\n\t\t\t\t\t\t<div class=\"elementor-element elementor-element-d12a3c0 elementor-widget__width-initial elementor-widget-mobile__width-inherit elementor-invisible nuss-elementor-loading nuss-slide-in-right elementor-widget elementor-widget-image\" data-id=\"d12a3c0\" data-element_type=\"widget\" data-e-type=\"widget\" data-settings=\"{&quot;_animation&quot;:&quot;nussSlideInRight&quot;}\" data-widget_type=\"image.default\">\n\t\t\t\t<div class=\"elementor-widget-container\">\n\t\t\t\t\t\t\t\t\t\t\t\t\t\t\t<img decoding=\"async\" width=\"1280\" height=\"853\" src=\"https:\/\/hotelchaletshanghai.com\/wp-content\/uploads\/2025\/03\/building.webp\" class=\"attachment-full size-full wp-image-5550\" alt=\"\" srcset=\"https:\/\/hotelchaletshanghai.com\/wp-content\/uploads\/2025\/03\/building.webp 1280w, https:\/\/hotelchaletshanghai.com\/wp-content\/uploads\/2025\/03\/building-300x200.webp 300w, https:\/\/hotelchaletshanghai.com\/wp-content\/uploads\/2025\/03\/building-1024x682.webp 1024w, https:\/\/hotelchaletshanghai.com\/wp-content\/uploads\/2025\/03\/building-768x512.webp 768w\" sizes=\"(max-width: 1280px) 100vw, 1280px\" \/>\t\t\t\t\t\t\t\t\t\t\t\t\t\t\t<\/div>\n\t\t\t\t<\/div>\n\t\t\t\t\t<\/div>\n\t\t<\/div>\n\t\t\t\t<div class=\"elementor-column elementor-col-50 elementor-top-column elementor-element elementor-element-281747b\" data-id=\"281747b\" data-element_type=\"column\" data-e-type=\"column\">\n\t\t\t<div class=\"elementor-widget-wrap elementor-element-populated\">\n\t\t\t\t\t\t<div class=\"elementor-element elementor-element-d77b752 elementor-invisible elementor-widget elementor-widget-nuss-heading\" data-id=\"d77b752\" data-element_type=\"widget\" data-e-type=\"widget\" data-settings=\"{&quot;_animation&quot;:&quot;nussFadeInUp&quot;}\" data-widget_type=\"nuss-heading.default\">\n\t\t\t\t<div class=\"elementor-widget-container\">\n\t\t\t\t\t\t\t<div class=\"nuss-modern-heading\">\r\n\t\t\t\r\n\t\t\t\t\t\t<div class=\"heading-primary-wrap\">\r\n\t\t\t\t<h4 class=\"heading-primary elementor-heading-title\">HOTEL CHALET SHANGH\u00c1I<\/h4>\t\t\t<\/div>\r\n\t\t\r\n\t\t\t\t\t\t<div class=\"heading-divider-wrap\">\r\n\t\t\t\t<div class=\"heading-divider\" style=\"left: 0px;top: 6px\"><\/div>\r\n\t\t\t<\/div>\r\n\t\r\n\t\t\t\t\t<\/div>\r\n\t\t\t\t\t<\/div>\n\t\t\t\t<\/div>\n\t\t\t\t<div class=\"elementor-element elementor-element-2ba7908 elementor-invisible elementor-widget elementor-widget-text-editor\" data-id=\"2ba7908\" data-element_type=\"widget\" data-e-type=\"widget\" data-settings=\"{&quot;_animation&quot;:&quot;nussFadeInUp&quot;}\" data-widget_type=\"text-editor.default\">\n\t\t\t\t<div class=\"elementor-widget-container\">\n\t\t\t\t\t\t\t\t\t<p>El edificio en s\u00ed cuenta una historia fascinante. Construido originalmente en la d\u00e9cada de 1930, durante la \u00e9poca dorada de Shangh\u00e1i, considerado el &quot;Par\u00eds del Este&quot;, nuestro edificio ha sido restaurado y transformado con esmero, conservando su esencia art d\u00e9co e incorpor\u00e1ndole elementos de dise\u00f1o alpino contempor\u00e1neo. Las vigas de madera a la vista, los detalles en piedra natural y los muebles tallados a mano crean una atm\u00f3sfera que transporta a los hu\u00e9spedes del Bund al Oberland bern\u00e9s sin sacrificar los aut\u00e9nticos toques chinos que arraigan la experiencia en Shangh\u00e1i.<\/p>\t\t\t\t\t\t\t\t<\/div>\n\t\t\t\t<\/div>\n\t\t\t\t\t<\/div>\n\t\t<\/div>\n\t\t\t\t\t<\/div>\n\t\t<\/section>\n\t\t\t\t<section class=\"elementor-section elementor-top-section elementor-element elementor-element-28a95d6 elementor-section-height-min-height elementor-section-stretched elementor-section-full_width elementor-section-items-stretch elementor-section-height-default elementor-section-column-vertical-align-stretch\" data-id=\"28a95d6\" data-element_type=\"section\" data-e-type=\"section\" data-settings=\"{&quot;stretch_section&quot;:&quot;section-stretched&quot;}\">\n\t\t\t\t\t\t<div class=\"elementor-container elementor-column-gap-no\">\n\t\t\t\t\t<div class=\"elementor-column elementor-col-50 elementor-top-column elementor-element elementor-element-511638b\" data-id=\"511638b\" data-element_type=\"column\" data-e-type=\"column\">\n\t\t\t<div class=\"elementor-widget-wrap elementor-element-populated\">\n\t\t\t\t\t\t<div class=\"elementor-element elementor-element-f01279a elementor-invisible elementor-widget elementor-widget-nuss-heading\" data-id=\"f01279a\" data-element_type=\"widget\" data-e-type=\"widget\" data-settings=\"{&quot;_animation&quot;:&quot;nussFadeInUp&quot;}\" data-widget_type=\"nuss-heading.default\">\n\t\t\t\t<div class=\"elementor-widget-container\">\n\t\t\t\t\t\t\t<div class=\"nuss-modern-heading\">\r\n\t\t\t\r\n\t\t\t\t\t\t<div class=\"heading-primary-wrap\">\r\n\t\t\t\t<h4 class=\"heading-primary elementor-heading-title\">HOTEL CHALET SHANGH\u00c1I<\/h4>\t\t\t<\/div>\r\n\t\t\r\n\t\t\t\t\t\t<div class=\"heading-divider-wrap\">\r\n\t\t\t\t<div class=\"heading-divider\" style=\"left: 0px;top: 6px\"><\/div>\r\n\t\t\t<\/div>\r\n\t\r\n\t\t\t\t\t<\/div>\r\n\t\t\t\t\t<\/div>\n\t\t\t\t<\/div>\n\t\t\t\t<div class=\"elementor-element elementor-element-20ffb5d elementor-invisible elementor-widget elementor-widget-text-editor\" data-id=\"20ffb5d\" data-element_type=\"widget\" data-e-type=\"widget\" data-settings=\"{&quot;_animation&quot;:&quot;nussFadeInUp&quot;}\" data-widget_type=\"text-editor.default\">\n\t\t\t\t<div class=\"elementor-widget-container\">\n\t\t\t\t\t\t\t\t\t<p>Nuestra ubicaci\u00f3n en la calle Hankou sit\u00faa a nuestros hu\u00e9spedes en el centro de los distritos m\u00e1s atractivos de Shangh\u00e1i. A solo minutos del hist\u00f3rico Bund, con sus edificios de la \u00e9poca colonial que se alzan majestuosamente a lo largo del r\u00edo Huangpu, y a la misma distancia del para\u00edso comercial de la calle Nanjing, el Hotel Chalet Shanghai ofrece un acceso inigualable tanto al Shangh\u00e1i antiguo como al moderno. El cercano Jard\u00edn Yuyuan ofrece una visi\u00f3n de la est\u00e9tica cl\u00e1sica china, mientras que el horizonte futurista de Pudong, al otro lado del r\u00edo, representa el mete\u00f3rico ascenso de China a nivel mundial.<\/p><p>Lo que realmente distingue al Hotel Chalet Shanghai es nuestro compromiso de crear experiencias, m\u00e1s all\u00e1 de simplemente ofrecer alojamiento. Cada una de nuestras 68 habitaciones y suites ha sido dise\u00f1ada individualmente para contar su propia historia: algunas se inspiran en los tradicionales chalets suizos con sus c\u00e1lidas maderas y acogedoras chimeneas, mientras que otras incorporan elementos del legado art d\u00e9co de Shangh\u00e1i o del dise\u00f1o chino contempor\u00e1neo. Todas comparten un compromiso inquebrantable con la artesan\u00eda, la autenticidad y la comodidad que trasciende las fronteras culturales.<\/p>\t\t\t\t\t\t\t\t<\/div>\n\t\t\t\t<\/div>\n\t\t\t\t\t<\/div>\n\t\t<\/div>\n\t\t\t\t<div class=\"elementor-column elementor-col-50 elementor-top-column elementor-element elementor-element-7261c77\" data-id=\"7261c77\" data-element_type=\"column\" data-e-type=\"column\">\n\t\t\t<div class=\"elementor-widget-wrap elementor-element-populated\">\n\t\t\t\t\t\t<div class=\"elementor-element elementor-element-7ba3ce4 elementor-widget__width-initial elementor-widget-mobile__width-inherit elementor-invisible nuss-elementor-loading nuss-slide-in-right elementor-widget elementor-widget-image\" data-id=\"7ba3ce4\" data-element_type=\"widget\" data-e-type=\"widget\" data-settings=\"{&quot;_animation&quot;:&quot;nussSlideInRight&quot;}\" data-widget_type=\"image.default\">\n\t\t\t\t<div class=\"elementor-widget-container\">\n\t\t\t\t\t\t\t\t\t\t\t\t\t\t\t<img decoding=\"async\" width=\"1280\" height=\"853\" src=\"https:\/\/hotelchaletshanghai.com\/wp-content\/uploads\/2025\/03\/location.webp\" class=\"attachment-full size-full wp-image-5549\" alt=\"\" srcset=\"https:\/\/hotelchaletshanghai.com\/wp-content\/uploads\/2025\/03\/location.webp 1280w, https:\/\/hotelchaletshanghai.com\/wp-content\/uploads\/2025\/03\/location-300x200.webp 300w, https:\/\/hotelchaletshanghai.com\/wp-content\/uploads\/2025\/03\/location-1024x682.webp 1024w, https:\/\/hotelchaletshanghai.com\/wp-content\/uploads\/2025\/03\/location-768x512.webp 768w\" sizes=\"(max-width: 1280px) 100vw, 1280px\" \/>\t\t\t\t\t\t\t\t\t\t\t\t\t\t\t<\/div>\n\t\t\t\t<\/div>\n\t\t\t\t\t<\/div>\n\t\t<\/div>\n\t\t\t\t\t<\/div>\n\t\t<\/section>\n\t\t\t\t<section class=\"elementor-section elementor-top-section elementor-element elementor-element-2fb8ef9 elementor-section-height-min-height elementor-section-stretched elementor-section-full_width elementor-section-items-stretch elementor-section-height-default elementor-section-column-vertical-align-stretch\" data-id=\"2fb8ef9\" data-element_type=\"section\" data-e-type=\"section\" data-settings=\"{&quot;stretch_section&quot;:&quot;section-stretched&quot;}\">\n\t\t\t\t\t\t<div class=\"elementor-container elementor-column-gap-no\">\n\t\t\t\t\t<div class=\"elementor-column elementor-col-50 elementor-top-column elementor-element elementor-element-64f2739\" data-id=\"64f2739\" data-element_type=\"column\" data-e-type=\"column\">\n\t\t\t<div class=\"elementor-widget-wrap elementor-element-populated\">\n\t\t\t\t\t\t<div class=\"elementor-element elementor-element-6070eb5 elementor-widget__width-initial elementor-widget-mobile__width-inherit elementor-invisible nuss-elementor-loading nuss-slide-in-right elementor-widget elementor-widget-image\" data-id=\"6070eb5\" data-element_type=\"widget\" data-e-type=\"widget\" data-settings=\"{&quot;_animation&quot;:&quot;nussSlideInRight&quot;}\" data-widget_type=\"image.default\">\n\t\t\t\t<div class=\"elementor-widget-container\">\n\t\t\t\t\t\t\t\t\t\t\t\t\t\t\t<img loading=\"lazy\" decoding=\"async\" width=\"1280\" height=\"853\" src=\"https:\/\/hotelchaletshanghai.com\/wp-content\/uploads\/2025\/03\/food.webp\" class=\"attachment-full size-full wp-image-5548\" alt=\"\" srcset=\"https:\/\/hotelchaletshanghai.com\/wp-content\/uploads\/2025\/03\/food.webp 1280w, https:\/\/hotelchaletshanghai.com\/wp-content\/uploads\/2025\/03\/food-300x200.webp 300w, https:\/\/hotelchaletshanghai.com\/wp-content\/uploads\/2025\/03\/food-1024x682.webp 1024w, https:\/\/hotelchaletshanghai.com\/wp-content\/uploads\/2025\/03\/food-768x512.webp 768w\" sizes=\"(max-width: 1280px) 100vw, 1280px\" \/>\t\t\t\t\t\t\t\t\t\t\t\t\t\t\t<\/div>\n\t\t\t\t<\/div>\n\t\t\t\t\t<\/div>\n\t\t<\/div>\n\t\t\t\t<div class=\"elementor-column elementor-col-50 elementor-top-column elementor-element elementor-element-32fe86e\" data-id=\"32fe86e\" data-element_type=\"column\" data-e-type=\"column\">\n\t\t\t<div class=\"elementor-widget-wrap elementor-element-populated\">\n\t\t\t\t\t\t<div class=\"elementor-element elementor-element-3f2ab08 elementor-invisible elementor-widget elementor-widget-nuss-heading\" data-id=\"3f2ab08\" data-element_type=\"widget\" data-e-type=\"widget\" data-settings=\"{&quot;_animation&quot;:&quot;nussFadeInUp&quot;}\" data-widget_type=\"nuss-heading.default\">\n\t\t\t\t<div class=\"elementor-widget-container\">\n\t\t\t\t\t\t\t<div class=\"nuss-modern-heading\">\r\n\t\t\t\r\n\t\t\t\t\t\t<div class=\"heading-primary-wrap\">\r\n\t\t\t\t<h4 class=\"heading-primary elementor-heading-title\">HOTEL CHALET SHANGH\u00c1I<\/h4>\t\t\t<\/div>\r\n\t\t\r\n\t\t\t\t\t\t<div class=\"heading-divider-wrap\">\r\n\t\t\t\t<div class=\"heading-divider\" style=\"left: 0px;top: 6px\"><\/div>\r\n\t\t\t<\/div>\r\n\t\r\n\t\t\t\t\t<\/div>\r\n\t\t\t\t\t<\/div>\n\t\t\t\t<\/div>\n\t\t\t\t<div class=\"elementor-element elementor-element-13a5d72 elementor-invisible elementor-widget elementor-widget-text-editor\" data-id=\"13a5d72\" data-element_type=\"widget\" data-e-type=\"widget\" data-settings=\"{&quot;_animation&quot;:&quot;nussFadeInUp&quot;}\" data-widget_type=\"text-editor.default\">\n\t\t\t\t<div class=\"elementor-widget-container\">\n\t\t\t\t\t\t\t\t\t<p>Nuestra experiencia culinaria refleja esta misma filosof\u00eda intercultural. En Alpenglow, nuestro restaurante insignia, chefs formados en Suiza crean cl\u00e1sicos alpinos con ingredientes chinos de origen local, resultando en platos familiares y sorprendentes a la vez. Por otro lado, nuestro Shanghai Social Club ofrece refinada cocina shanghainesa con sutiles influencias europeas, todo servido en un espacio que evoca el glamour del Shangh\u00e1i de los a\u00f1os 30.<\/p><p>M\u00e1s all\u00e1 de las comodidades f\u00edsicas y los placeres est\u00e9ticos, el Hotel Chalet Shanghai se enorgullece de un servicio que refleja lo mejor de ambos mundos: la precisi\u00f3n y la atenci\u00f3n al detalle suizas, combinadas con la calidez y adaptabilidad de la hospitalidad china. Nuestro personal multiling\u00fce se anticipa a las necesidades, creando experiencias perfectas tanto para viajeros de negocios como para turistas.<\/p><p>Al caer la noche, el hotel se transforma de nuevo. El Matterhorn Bar, en nuestra terraza en la azotea, ofrece vistas panor\u00e1micas del horizonte de Shangh\u00e1i, donde los hu\u00e9spedes pueden disfrutar de c\u00f3cteles elaborados por expertos que combinan licores suizos con bot\u00e1nicos chinos mientras contemplan c\u00f3mo la ciudad se ilumina bajo sus pies: una met\u00e1fora perfecta de la fusi\u00f3n cultural que define a nuestro establecimiento.<\/p>\t\t\t\t\t\t\t\t<\/div>\n\t\t\t\t<\/div>\n\t\t\t\t\t<\/div>\n\t\t<\/div>\n\t\t\t\t\t<\/div>\n\t\t<\/section>\n\t\t<div class=\"elementor-element elementor-element-b2e931c e-flex e-con-boxed e-con e-parent\" data-id=\"b2e931c\" data-element_type=\"container\" data-e-type=\"container\">\n\t\t\t\t\t<div class=\"e-con-inner\">\n\t\t\t\t\t<\/div>\n\t\t\t\t<\/div>\n\t\t<div class=\"elementor-element elementor-element-53ddea3d e-flex e-con-boxed e-con e-parent\" data-id=\"53ddea3d\" data-element_type=\"container\" data-e-type=\"container\">\n\t\t\t\t\t<div class=\"e-con-inner\">\n\t\t\t\t<div class=\"elementor-element elementor-element-3ddfd5d3 elementor-widget elementor-widget-heading\" data-id=\"3ddfd5d3\" data-element_type=\"widget\" data-e-type=\"widget\" data-widget_type=\"heading.default\">\n\t\t\t\t<div class=\"elementor-widget-container\">\n\t\t\t\t\t<h2 class=\"elementor-heading-title elementor-size-default\">Consultar disponibilidad <\/h2>\t\t\t\t<\/div>\n\t\t\t\t<\/div>\n\t\t\t\t<div class=\"elementor-element elementor-element-6bdf250a elementor-widget elementor-widget-text-editor\" data-id=\"6bdf250a\" data-element_type=\"widget\" data-e-type=\"widget\" data-widget_type=\"text-editor.default\">\n\t\t\t\t<div class=\"elementor-widget-container\">\n\t\t\t\t\t\t\t\t\t<iframe border=\"0\" src=\"https:\/\/www.trip.com\/partners\/ad\/S2033103?Allianceid=5415915&#038;SID=179918369&#038;trip_sub1=\" style=\"width:900px;height:200px\" frameborder=\"0\" scrolling=\"no\" id=\"S2033103\"><\/iframe>\t\t\t\t\t\t\t\t<\/div>\n\t\t\t\t<\/div>\n\t\t\t\t\t<\/div>\n\t\t\t\t<\/div>\n\t\t<div class=\"elementor-element elementor-element-f747337 e-flex e-con-boxed e-con e-parent\" data-id=\"f747337\" data-element_type=\"container\" data-e-type=\"container\">\n\t\t\t\t\t<div class=\"e-con-inner\">\n\t\t\t\t<div class=\"elementor-element elementor-element-2add166 elementor-widget elementor-widget-text-editor\" data-id=\"2add166\" data-element_type=\"widget\" data-e-type=\"widget\" data-widget_type=\"text-editor.default\">\n\t\t\t\t<div class=\"elementor-widget-container\">\n\t\t\t\t\t\t\t\t\t<p>Nuestra experiencia culinaria refleja esta misma filosof\u00eda intercultural. En Alpenglow, nuestro restaurante insignia, chefs formados en Suiza crean cl\u00e1sicos alpinos con ingredientes chinos de origen local, resultando en platos familiares y sorprendentes a la vez. Por otro lado, nuestro Shanghai Social Club ofrece refinada cocina shanghainesa con sutiles influencias europeas, todo servido en un espacio que evoca el glamour del Shangh\u00e1i de los a\u00f1os 30.<\/p><p>M\u00e1s all\u00e1 de las comodidades f\u00edsicas y los placeres est\u00e9ticos, el Hotel Chalet Shanghai se enorgullece de un servicio que refleja lo mejor de ambos mundos: la precisi\u00f3n y la atenci\u00f3n al detalle suizas, combinadas con la calidez y adaptabilidad de la hospitalidad china. Nuestro personal multiling\u00fce se anticipa a las necesidades, creando experiencias perfectas tanto para viajeros de negocios como para turistas.<\/p><p>Al caer la noche, el hotel se transforma de nuevo. El Matterhorn Bar, en nuestra terraza en la azotea, ofrece vistas panor\u00e1micas del horizonte de Shangh\u00e1i, donde los hu\u00e9spedes pueden disfrutar de c\u00f3cteles elaborados por expertos que combinan licores suizos con bot\u00e1nicos chinos mientras contemplan c\u00f3mo la ciudad se ilumina bajo sus pies: una met\u00e1fora perfecta de la fusi\u00f3n cultural que define a nuestro establecimiento.<\/p>\t\t\t\t\t\t\t\t<\/div>\n\t\t\t\t<\/div>\n\t\t\t\t\t<\/div>\n\t\t\t\t<\/div>\n\t\t\t\t<\/div>","protected":false},"excerpt":{"rendered":"<p>Nestled in the vibrant heart of one of Asia&#8217;s most dynamic metropolises, Hotel Chalet Shanghai stands as an architectural poem where East meets West, tradition embraces innovation, and luxury finds its most authentic expression. Located at No. 558 Hankou Road (\u6c49\u53e3\u8def), our establishment occupies a privileged position at the crossroads of Shanghai&#8217;s storied past and [&hellip;]<\/p>\n","protected":false},"author":1,"featured_media":0,"parent":0,"menu_order":0,"comment_status":"closed","ping_status":"closed","template":"","meta":{"footnotes":""},"class_list":["post-2103","page","type-page","status-publish","hentry","post-no-thumbnail"],"_links":{"self":[{"href":"https:\/\/hotelchaletshanghai.com\/es\/wp-json\/wp\/v2\/pages\/2103","targetHints":{"allow":["GET"]}}],"collection":[{"href":"https:\/\/hotelchaletshanghai.com\/es\/wp-json\/wp\/v2\/pages"}],"about":[{"href":"https:\/\/hotelchaletshanghai.com\/es\/wp-json\/wp\/v2\/types\/page"}],"author":[{"embeddable":true,"href":"https:\/\/hotelchaletshanghai.com\/es\/wp-json\/wp\/v2\/users\/1"}],"replies":[{"embeddable":true,"href":"https:\/\/hotelchaletshanghai.com\/es\/wp-json\/wp\/v2\/comments?post=2103"}],"version-history":[{"count":0,"href":"https:\/\/hotelchaletshanghai.com\/es\/wp-json\/wp\/v2\/pages\/2103\/revisions"}],"wp:attachment":[{"href":"https:\/\/hotelchaletshanghai.com\/es\/wp-json\/wp\/v2\/media?parent=2103"}],"curies":[{"name":"gracias","href":"https:\/\/api.w.org\/{rel}","templated":true}]}}