{"id":612,"date":"2021-03-26T10:04:13","date_gmt":"2021-03-26T10:04:13","guid":{"rendered":"http:\/\/localhost\/nuss\/?page_id=612"},"modified":"2025-03-09T17:30:56","modified_gmt":"2025-03-09T17:30:56","slug":"restaurant","status":"publish","type":"page","link":"https:\/\/hotelchaletshanghai.com\/de\/restaurant\/","title":{"rendered":"Restaurant"},"content":{"rendered":"<div data-elementor-type=\"wp-page\" data-elementor-id=\"612\" class=\"elementor elementor-612\">\n\t\t\t\t\t\t<section class=\"elementor-section elementor-top-section elementor-element elementor-element-e2effe8 elementor-section-boxed elementor-section-gap-beside-yes elementor-section-height-default elementor-section-height-default elementor-section-column-vertical-align-stretch\" data-id=\"e2effe8\" data-element_type=\"section\" data-e-type=\"section\">\n\t\t\t\t\t\t<div class=\"elementor-container elementor-column-gap-extended\">\n\t\t\t\t\t<div class=\"elementor-column elementor-col-100 elementor-top-column elementor-element elementor-element-e18f688\" data-id=\"e18f688\" data-element_type=\"column\" data-e-type=\"column\">\n\t\t\t<div class=\"elementor-widget-wrap elementor-element-populated\">\n\t\t\t\t\t\t<div class=\"elementor-element elementor-element-6db146d elementor-widget__width-initial elementor-invisible elementor-widget elementor-widget-text-editor\" data-id=\"6db146d\" data-element_type=\"widget\" data-e-type=\"widget\" data-settings=\"{&quot;_animation&quot;:&quot;nussFadeInUp&quot;}\" data-widget_type=\"text-editor.default\">\n\t\t\t\t<div class=\"elementor-widget-container\">\n\t\t\t\t\t\t\t\t\t<p>**Willkommen im Hotel Chalet Shanghai \u2013 Eine kulinarische Reise durch Tradition und Innovation**<\/p><p>Mitten im Herzen Shanghais, in der Hankou Road Nr. 558, bietet das Hotel Chalet Shanghai mehr als nur einen Aufenthalt: Es l\u00e4dt Sie zu einem kulinarischen Erlebnis ein, das die reiche Tradition der chinesischen K\u00fcche harmonisch mit moderner Kochkunst verbindet. Unser Restaurant ist ein Paradies f\u00fcr Feinschmecker, in dem jedes Gericht eine Geschichte von Handwerkskunst, Authentizit\u00e4t und Leidenschaft erz\u00e4hlt.<\/p>\t\t\t\t\t\t\t\t<\/div>\n\t\t\t\t<\/div>\n\t\t\t\t\t<\/div>\n\t\t<\/div>\n\t\t\t\t\t<\/div>\n\t\t<\/section>\n\t\t<div class=\"elementor-element elementor-element-cc38c48 e-flex e-con-boxed e-con e-parent\" data-id=\"cc38c48\" data-element_type=\"container\" data-e-type=\"container\">\n\t\t\t\t\t<div class=\"e-con-inner\">\n\t\t\t\t<div class=\"elementor-element elementor-element-8d2a633 elementor-widget elementor-widget-image\" data-id=\"8d2a633\" data-element_type=\"widget\" data-e-type=\"widget\" data-widget_type=\"image.default\">\n\t\t\t\t<div class=\"elementor-widget-container\">\n\t\t\t\t\t\t\t\t\t\t\t\t\t\t\t<img fetchpriority=\"high\" decoding=\"async\" width=\"1024\" height=\"682\" src=\"https:\/\/hotelchaletshanghai.com\/wp-content\/uploads\/2025\/03\/restaurant-1024x682.webp\" class=\"attachment-large size-large wp-image-5556\" alt=\"\" srcset=\"https:\/\/hotelchaletshanghai.com\/wp-content\/uploads\/2025\/03\/restaurant-1024x682.webp 1024w, https:\/\/hotelchaletshanghai.com\/wp-content\/uploads\/2025\/03\/restaurant-300x200.webp 300w, https:\/\/hotelchaletshanghai.com\/wp-content\/uploads\/2025\/03\/restaurant-768x512.webp 768w, https:\/\/hotelchaletshanghai.com\/wp-content\/uploads\/2025\/03\/restaurant.webp 1280w\" sizes=\"(max-width: 1024px) 100vw, 1024px\" \/>\t\t\t\t\t\t\t\t\t\t\t\t\t\t\t<\/div>\n\t\t\t\t<\/div>\n\t\t\t\t\t<\/div>\n\t\t\t\t<\/div>\n\t\t<div class=\"elementor-element elementor-element-e2b78e7 e-flex e-con-boxed e-con e-parent\" data-id=\"e2b78e7\" data-element_type=\"container\" data-e-type=\"container\">\n\t\t\t\t\t<div class=\"e-con-inner\">\n\t\t\t\t<div class=\"elementor-element elementor-element-6fdeff5 elementor-widget elementor-widget-text-editor\" data-id=\"6fdeff5\" data-element_type=\"widget\" data-e-type=\"widget\" data-widget_type=\"text-editor.default\">\n\t\t\t\t<div class=\"elementor-widget-container\">\n\t\t\t\t\t\t\t\t\t<p>Von den delikaten Aromen klassischer Shanghaier Gerichte bis hin zur k\u00fchnen Kreativit\u00e4t moderner Fusionsk\u00fcche \u2013 unsere Speisekarte ist eine Hommage an lokale Zutaten und globale Inspiration. Ob Sie unser mit Pr\u00e4zision zubereitetes Xiao Long Bao genie\u00dfen oder unsere saisonalen Degustationsmen\u00fcs entdecken \u2013 jeder Bissen entf\u00fchrt Sie in eine Welt kulinarischer Gen\u00fcsse.<\/p><p>Betreten Sie unseren eleganten Speisesaal, in dem herzliche Gastfreundschaft auf gehobenes Ambiente trifft. Lassen Sie sich von uns auf eine Reise entf\u00fchren, die die Essenz der lebendigen Shanghaier Esskultur w\u00fcrdigt. Im Hotel Chalet Shanghai wird jede Mahlzeit zu einem unvergesslichen Erlebnis.<\/p>\t\t\t\t\t\t\t\t<\/div>\n\t\t\t\t<\/div>\n\t\t\t\t\t<\/div>\n\t\t\t\t<\/div>\n\t\t\t\t<\/div>","protected":false},"excerpt":{"rendered":"<p>**Welcome to Hotel Chalet Shanghai \u2013 A Culinary Journey Through Tradition and Innovation** Nestled in the heart of Shanghai at No. 558 Hankou Road, Hotel Chalet Shanghai offers more than just a stay; it invites you to savor a dining experience that harmoniously blends the rich heritage of Chinese cuisine with modern culinary artistry. Our [&hellip;]<\/p>\n","protected":false},"author":1,"featured_media":0,"parent":0,"menu_order":0,"comment_status":"closed","ping_status":"closed","template":"elementor_header_footer","meta":{"footnotes":""},"class_list":["post-612","page","type-page","status-publish","hentry","post-no-thumbnail"],"_links":{"self":[{"href":"https:\/\/hotelchaletshanghai.com\/de\/wp-json\/wp\/v2\/pages\/612","targetHints":{"allow":["GET"]}}],"collection":[{"href":"https:\/\/hotelchaletshanghai.com\/de\/wp-json\/wp\/v2\/pages"}],"about":[{"href":"https:\/\/hotelchaletshanghai.com\/de\/wp-json\/wp\/v2\/types\/page"}],"author":[{"embeddable":true,"href":"https:\/\/hotelchaletshanghai.com\/de\/wp-json\/wp\/v2\/users\/1"}],"replies":[{"embeddable":true,"href":"https:\/\/hotelchaletshanghai.com\/de\/wp-json\/wp\/v2\/comments?post=612"}],"version-history":[{"count":0,"href":"https:\/\/hotelchaletshanghai.com\/de\/wp-json\/wp\/v2\/pages\/612\/revisions"}],"wp:attachment":[{"href":"https:\/\/hotelchaletshanghai.com\/de\/wp-json\/wp\/v2\/media?parent=612"}],"curies":[{"name":"wp","href":"https:\/\/api.w.org\/{rel}","templated":true}]}}