{"id":2105,"date":"2021-03-24T07:25:45","date_gmt":"2021-03-24T07:25:45","guid":{"rendered":"http:\/\/localhost\/nuss\/?page_id=235"},"modified":"2026-03-03T04:49:14","modified_gmt":"2026-03-03T04:49:14","slug":"faqs","status":"publish","type":"page","link":"https:\/\/hotelchaletshanghai.com\/de\/faqs\/","title":{"rendered":"FAQs"},"content":{"rendered":"<div data-elementor-type=\"wp-page\" data-elementor-id=\"2105\" class=\"elementor elementor-2105\">\n\t\t\t\t\t\t<section class=\"elementor-section elementor-top-section elementor-element elementor-element-2a96a73 elementor-section-boxed elementor-section-gap-beside-yes elementor-section-height-default elementor-section-height-default elementor-section-column-vertical-align-stretch\" data-id=\"2a96a73\" data-element_type=\"section\" data-e-type=\"section\">\n\t\t\t\t\t\t<div class=\"elementor-container elementor-column-gap-extended\">\n\t\t\t\t\t<div class=\"elementor-column elementor-col-100 elementor-top-column elementor-element elementor-element-98ef20c\" data-id=\"98ef20c\" data-element_type=\"column\" data-e-type=\"column\">\n\t\t\t<div class=\"elementor-widget-wrap elementor-element-populated\">\n\t\t\t\t\t\t<div class=\"elementor-element elementor-element-97088c0 elementor-widget__width-initial elementor-invisible elementor-widget elementor-widget-text-editor\" data-id=\"97088c0\" data-element_type=\"widget\" data-e-type=\"widget\" data-settings=\"{&quot;_animation&quot;:&quot;nussFadeInUp&quot;}\" data-widget_type=\"text-editor.default\">\n\t\t\t\t<div class=\"elementor-widget-container\">\n\t\t\t\t\t\t\t\t\t<p>Nachfolgend finden Sie eine Liste der am h\u00e4ufigsten von unseren G\u00e4sten gestellten Fragen.<\/p>\t\t\t\t\t\t\t\t<\/div>\n\t\t\t\t<\/div>\n\t\t\t\t\t<\/div>\n\t\t<\/div>\n\t\t\t\t\t<\/div>\n\t\t<\/section>\n\t\t\t\t<section class=\"elementor-section elementor-top-section elementor-element elementor-element-b184647 elementor-section-gap-beside-no elementor-section-boxed elementor-section-height-default elementor-section-height-default elementor-section-column-vertical-align-stretch\" data-id=\"b184647\" data-element_type=\"section\" data-e-type=\"section\">\n\t\t\t\t\t\t<div class=\"elementor-container elementor-column-gap-extended\">\n\t\t\t\t\t<div class=\"elementor-column elementor-col-100 elementor-top-column elementor-element elementor-element-1d49749\" data-id=\"1d49749\" data-element_type=\"column\" data-e-type=\"column\">\n\t\t\t<div class=\"elementor-widget-wrap elementor-element-populated\">\n\t\t\t\t\t\t<div class=\"elementor-element elementor-element-b986a9e elementor-invisible elementor-widget elementor-widget-nuss-heading\" data-id=\"b986a9e\" data-element_type=\"widget\" data-e-type=\"widget\" data-settings=\"{&quot;_animation&quot;:&quot;nussFadeInUp&quot;}\" data-widget_type=\"nuss-heading.default\">\n\t\t\t\t<div class=\"elementor-widget-container\">\n\t\t\t\t\t\t\t<div class=\"nuss-modern-heading\">\r\n\t\t\t\r\n\t\t\t\t\t\t<div class=\"heading-primary-wrap\">\r\n\t\t\t\t<h4 class=\"heading-primary elementor-heading-title\">FAQ&#039;S<\/h4>\t\t\t<\/div>\r\n\t\t\r\n\t\t\t\t\t\t<div class=\"heading-divider-wrap\">\r\n\t\t\t\t<div class=\"heading-divider\" style=\"left: 0px;top: 6px\"><\/div>\r\n\t\t\t<\/div>\r\n\t\r\n\t\t\t\t\t<\/div>\r\n\t\t\t\t\t<\/div>\n\t\t\t\t<\/div>\n\t\t\t\t<div class=\"elementor-element elementor-element-50f0733 elementor-invisible elementor-widget elementor-widget-heading\" data-id=\"50f0733\" data-element_type=\"widget\" data-e-type=\"widget\" data-settings=\"{&quot;_animation&quot;:&quot;nussFadeInUp&quot;}\" data-widget_type=\"heading.default\">\n\t\t\t\t<div class=\"elementor-widget-container\">\n\t\t\t\t\t<h2 class=\"elementor-heading-title elementor-size-default\">Fragen &amp; Antworten<\/h2>\t\t\t\t<\/div>\n\t\t\t\t<\/div>\n\t\t\t\t<div class=\"elementor-element elementor-element-43a5327 elementor-widget elementor-widget-text-editor\" data-id=\"43a5327\" data-element_type=\"widget\" data-e-type=\"widget\" data-widget_type=\"text-editor.default\">\n\t\t\t\t<div class=\"elementor-widget-container\">\n\t\t\t\t\t\t\t\t\t<h2 class=\"qwen-markdown-heading\"><strong class=\"qwen-markdown-strong\"><span class=\"qwen-markdown-text\" data-spm-anchor-id=\"a2ty_o01.29997173.0.i14.49465171wSuKI2\">Einchecken &amp; Auschecken<\/span><\/strong><\/h2><div class=\"qwen-markdown-paragraph\"><strong class=\"qwen-markdown-strong\"><span class=\"qwen-markdown-text\">1. Wann sind die Ein- und Auscheckzeiten?<\/span><\/strong><span class=\"qwen-markdown-text\"> Der Check-in ist ab 14:00 Uhr m\u00f6glich, der Check-out muss vor 12:00 Uhr erfolgen.<\/span><span class=\"qwen-markdown-text\">. Fr\u00fcher Check-in oder sp\u00e4ter Check-out k\u00f6nnen bei der Buchung angefragt werden, sind aber abh\u00e4ngig von der Verf\u00fcgbarkeit.<\/span><span class=\"qwen-markdown-text\">.<\/span><\/div><div class=\"qwen-markdown-space\">\u00a0<\/div><div class=\"qwen-markdown-paragraph\"><strong class=\"qwen-markdown-strong\"><span class=\"qwen-markdown-text\">2. Gibt es einen 24-Stunden-Rezeptionsservice?<\/span><\/strong><span class=\"qwen-markdown-text\"> Ja, die Rezeption ist rund um die Uhr besetzt und bietet mehrsprachigen Support (Englisch\/Chinesisch).<\/span><span class=\"qwen-markdown-text\">.<\/span><\/div><div class=\"qwen-markdown-space\">\u00a0<\/div><div class=\"qwen-markdown-paragraph\"><strong class=\"qwen-markdown-strong\"><span class=\"qwen-markdown-text\">3. Kann ich einen fr\u00fchen Check-in oder sp\u00e4ten Check-out anfragen?<\/span><\/strong><span class=\"qwen-markdown-text\"> Ja, Sonderw\u00fcnsche k\u00f6nnen bei der Buchung angegeben werden, sie k\u00f6nnen jedoch nicht garantiert werden und h\u00e4ngen von der Verf\u00fcgbarkeit ab.<\/span><span class=\"qwen-markdown-text\">.<\/span><\/div><div class=\"qwen-markdown-space\">\u00a0<\/div><div class=\"qwen-markdown-hr\"><hr \/><\/div><div class=\"qwen-markdown-space\">\u00a0<\/div><h2 class=\"qwen-markdown-heading\"><strong class=\"qwen-markdown-strong\"><span class=\"qwen-markdown-text\">Zimmer &amp; Unterkunft<\/span><\/strong><\/h2><div class=\"qwen-markdown-paragraph\"><strong class=\"qwen-markdown-strong\"><span class=\"qwen-markdown-text\">4. Welche Zimmertypen stehen zur Verf\u00fcgung?<\/span><\/strong><span class=\"qwen-markdown-text\"> Das Hotel bietet Standard-, Zweibett-, Deluxe-Zimmer und Suiten mit verschiedenen Bettenkonfigurationen an.<\/span><span class=\"qwen-markdown-text\">.<\/span><\/div><div class=\"qwen-markdown-space\">\u00a0<\/div><div class=\"qwen-markdown-paragraph\"><strong class=\"qwen-markdown-strong\"><span class=\"qwen-markdown-text\">5. Wie viele Zimmer hat das Hotel?<\/span><\/strong><span class=\"qwen-markdown-text\"> Das Hotel Chalet Shanghai verf\u00fcgt \u00fcber insgesamt 130 Zimmer auf zwei Etagen.<\/span><span class=\"qwen-markdown-text\">.<\/span><\/div><div class=\"qwen-markdown-space\">\u00a0<\/div><div class=\"qwen-markdown-paragraph\"><strong class=\"qwen-markdown-strong\"><span class=\"qwen-markdown-text\">6. Sind familienfreundliche Einrichtungen vorhanden?<\/span><\/strong><span class=\"qwen-markdown-text\"> Ja, Zustellbetten\/Babybetten sind verf\u00fcgbar, und Zimmer mit Verbindungst\u00fcr k\u00f6nnen arrangiert werden.<\/span><span class=\"qwen-markdown-text\">.<\/span><\/div><div class=\"qwen-markdown-space\">\u00a0<\/div><div class=\"qwen-markdown-paragraph\"><strong class=\"qwen-markdown-strong\"><span class=\"qwen-markdown-text\">7. Sind Haustiere im Hotel erlaubt?<\/span><\/strong><span class=\"qwen-markdown-text\"> Nein, Haustiere sind im Hotel Chalet Shanghai nicht erlaubt.<\/span><span class=\"qwen-markdown-text\">.<\/span><\/div><div class=\"qwen-markdown-space\">\u00a0<\/div><div class=\"qwen-markdown-hr\"><hr \/><\/div><div class=\"qwen-markdown-space\">\u00a0<\/div><h2 class=\"qwen-markdown-heading\"><strong class=\"qwen-markdown-strong\"><span class=\"qwen-markdown-text\">Speisen &amp; Fr\u00fchst\u00fcck<\/span><\/strong><\/h2><div class=\"qwen-markdown-paragraph\"><strong class=\"qwen-markdown-strong\"><span class=\"qwen-markdown-text\">8. Bietet das Hotel Fr\u00fchst\u00fcck an?<\/span><\/strong><span class=\"qwen-markdown-text\"> Ja, das Fr\u00fchst\u00fcck wird in Buffetform mit westlichen und chinesischen Speisen angeboten.<\/span><span class=\"qwen-markdown-text\">.<\/span><\/div><div class=\"qwen-markdown-space\">\u00a0<\/div><div class=\"qwen-markdown-paragraph\"><strong class=\"qwen-markdown-strong\"><span class=\"qwen-markdown-text\">9. Wann gibt es Fr\u00fchst\u00fcck?<\/span><\/strong><span class=\"qwen-markdown-text\"> Das Fr\u00fchst\u00fcck wird \u00fcblicherweise t\u00e4glich von 7:00 bis 10:00 Uhr serviert.<\/span><span class=\"qwen-markdown-text\">.<\/span><\/div><div class=\"qwen-markdown-space\">\u00a0<\/div><div class=\"qwen-markdown-paragraph\"><strong class=\"qwen-markdown-strong\"><span class=\"qwen-markdown-text\">10. Ist das Fr\u00fchst\u00fcck im Zimmerpreis inbegriffen?<\/span><\/strong><span class=\"qwen-markdown-text\"> Das Fr\u00fchst\u00fcck kann je nach Buchungspaket inbegriffen sein; gegebenenfalls fallen zus\u00e4tzliche Geb\u00fchren an.<\/span><span class=\"qwen-markdown-text\">.<\/span><\/div><div class=\"qwen-markdown-space\">\u00a0<\/div><div class=\"qwen-markdown-paragraph\"><strong class=\"qwen-markdown-strong\"><span class=\"qwen-markdown-text\">11. Gibt es Restaurant- und Caf\u00e9-Einrichtungen?<\/span><\/strong><span class=\"qwen-markdown-text\"> Ja, das Hotel verf\u00fcgt \u00fcber ein Restaurant (chinesische K\u00fcche) und ein Caf\u00e9 vor Ort.<\/span><span class=\"qwen-markdown-text\">.<\/span><\/div><div class=\"qwen-markdown-space\">\u00a0<\/div><div class=\"qwen-markdown-hr\"><hr \/><\/div><div class=\"qwen-markdown-space\">\u00a0<\/div><h2 class=\"qwen-markdown-heading\"><strong class=\"qwen-markdown-strong\"><span class=\"qwen-markdown-text\">Einrichtungen und Annehmlichkeiten<\/span><\/strong><\/h2><div class=\"qwen-markdown-paragraph\"><strong class=\"qwen-markdown-strong\"><span class=\"qwen-markdown-text\">12. Welche Einrichtungen bietet das Hotel?<\/span><\/strong><span class=\"qwen-markdown-text\"> Zu den beliebten Einrichtungen geh\u00f6ren: Fitnessstudio, Restaurant, Caf\u00e9, Konferenzraum, Businesscenter, Gep\u00e4ckaufbewahrung, WLAN in den \u00f6ffentlichen Bereichen, Waschsalon und \u00f6ffentliche Parkpl\u00e4tze.<\/span><span class=\"qwen-markdown-text\">.<\/span><\/div><div class=\"qwen-markdown-space\">\u00a0<\/div><div class=\"qwen-markdown-paragraph\"><strong class=\"qwen-markdown-strong\"><span class=\"qwen-markdown-text\">13. Verf\u00fcgt das Hotel \u00fcber einen Swimmingpool?<\/span><\/strong><span class=\"qwen-markdown-text\"> Nein, das Hotel Chalet Shanghai verf\u00fcgt nicht \u00fcber einen Pool f\u00fcr G\u00e4ste.<\/span><span class=\"qwen-markdown-text\">.<\/span><\/div><div class=\"qwen-markdown-space\">\u00a0<\/div><div class=\"qwen-markdown-paragraph\"><strong class=\"qwen-markdown-strong\"><span class=\"qwen-markdown-text\">14. Ist WLAN verf\u00fcgbar?<\/span><\/strong><span class=\"qwen-markdown-text\"> Ja, WLAN ist in den \u00f6ffentlichen Bereichen verf\u00fcgbar (kostenlos).<\/span><span class=\"qwen-markdown-text\">.<\/span><\/div><div class=\"qwen-markdown-space\">\u00a0<\/div><div class=\"qwen-markdown-paragraph\"><strong class=\"qwen-markdown-strong\"><span class=\"qwen-markdown-text\">15. Sind Parkpl\u00e4tze vorhanden?<\/span><\/strong><span class=\"qwen-markdown-text\"> Ja, \u00f6ffentliche Parkpl\u00e4tze au\u00dferhalb des Gel\u00e4ndes stehen f\u00fcr 15,00 CNY pro Stunde (ungef\u00e4hr US$2,18) zur Verf\u00fcgung.<\/span><span class=\"qwen-markdown-text\">.<\/span><\/div><div class=\"qwen-markdown-space\">\u00a0<\/div><div class=\"qwen-markdown-hr\"><hr \/><\/div><div class=\"qwen-markdown-space\">\u00a0<\/div><h2 class=\"qwen-markdown-heading\"><strong class=\"qwen-markdown-strong\"><span class=\"qwen-markdown-text\">Lage &amp; Transport<\/span><\/strong><\/h2><div class=\"qwen-markdown-paragraph\"><strong class=\"qwen-markdown-strong\"><span class=\"qwen-markdown-text\">16. Wo befindet sich das Hotel?<\/span><\/strong><span class=\"qwen-markdown-text\"> Das Hotel befindet sich in der Hankou Road Nr. 558, Bezirk Huangpu, Shanghai, China.<\/span><span class=\"qwen-markdown-text\">.<\/span><\/div><div class=\"qwen-markdown-space\">\u00a0<\/div><div class=\"qwen-markdown-paragraph\"><strong class=\"qwen-markdown-strong\"><span class=\"qwen-markdown-text\">17. Wie nah liegt das Hotel an den touristischen Attraktionen?<\/span><\/strong><\/div><ul class=\"qwen-markdown-list\" dir=\"auto\"><li><span class=\"qwen-markdown-text\">Der Bund: ca. 2 km<\/span><\/li><li><span class=\"qwen-markdown-text\">Fu\u00dfg\u00e4ngerzone Nanjing Road: ca. 1 km<\/span><\/li><li><span class=\"qwen-markdown-text\">Volksplatz: 1,00 km<\/span><\/li><li><span class=\"qwen-markdown-text\">Yu-Garten: 965 m <\/span><span class=\"qwen-markdown-text\">.<\/span><\/li><\/ul><div class=\"qwen-markdown-space\">\u00a0<\/div><div class=\"qwen-markdown-paragraph\"><strong class=\"qwen-markdown-strong\"><span class=\"qwen-markdown-text\">18. Welche ist die n\u00e4chste U-Bahn-Station?<\/span><\/strong><span class=\"qwen-markdown-text\"> Die U-Bahn-Station Volksplatz (Linien 2\/10) ist etwa 390 m vom Hotel entfernt.<\/span><span class=\"qwen-markdown-text\">.<\/span><\/div><div class=\"qwen-markdown-space\">\u00a0<\/div><div class=\"qwen-markdown-paragraph\"><strong class=\"qwen-markdown-strong\"><span class=\"qwen-markdown-text\">19. Bietet das Hotel einen Flughafentransfer an?<\/span><\/strong><span class=\"qwen-markdown-text\"> Nein, das Hotel Chalet Shanghai bietet keinen Flughafentransfer f\u00fcr G\u00e4ste an.<\/span><span class=\"qwen-markdown-text\">. Der n\u00e4chstgelegene Flughafen ist der internationale Flughafen Shanghai Hongqiao (14,8 km, ca. 42 Autominuten).<\/span><span class=\"qwen-markdown-text\">.<\/span><\/div><div class=\"qwen-markdown-space\">\u00a0<\/div><div class=\"qwen-markdown-paragraph\"><strong class=\"qwen-markdown-strong\"><span class=\"qwen-markdown-text\">20. Wie weit ist das Hotel vom Bahnhof Shanghai entfernt?<\/span><\/strong><span class=\"qwen-markdown-text\"> Der Bahnhof Shanghai ist etwa 5 km vom Hotel entfernt.<\/span><span class=\"qwen-markdown-text\">.<\/span><\/div><div class=\"qwen-markdown-space\">\u00a0<\/div><div class=\"qwen-markdown-hr\"><hr \/><\/div><div class=\"qwen-markdown-space\">\u00a0<\/div><h2 class=\"qwen-markdown-heading\"><strong class=\"qwen-markdown-strong\"><span class=\"qwen-markdown-text\">Weitere Informationen<\/span><\/strong><\/h2><div class=\"qwen-markdown-table-wrapper\"><div class=\"qwen-markdown-table-header\"><div class=\"qwen-markdown-table-header-action-item\">\u00a0<\/div><\/div><div class=\"qwen-markdown-table-scroll-wrapper\"><table class=\"qwen-markdown-table\"><thead class=\"qwen-markdown-table-thead\"><tr class=\"qwen-markdown-table-thead-tr\"><th class=\"qwen-markdown-table-thead-tr-th\" scope=\"col\"><div class=\"qwen-markdown-table-thead-tr-th-col\"><strong class=\"qwen-markdown-strong\"><span class=\"qwen-markdown-text\">Detail<\/span><\/strong><\/div><\/th><th class=\"qwen-markdown-table-thead-tr-th\" scope=\"col\"><div class=\"qwen-markdown-table-thead-tr-th-col\"><strong class=\"qwen-markdown-strong\"><span class=\"qwen-markdown-text\">Information<\/span><\/strong><\/div><\/th><\/tr><\/thead><tbody class=\"qwen-markdown-table-tbody\"><tr class=\"qwen-markdown-table-tbody-tr\"><td class=\"qwen-markdown-table-tbody-tr-td\"><div class=\"qwen-markdown-table-tbody-tr-td-col\"><span class=\"qwen-markdown-text\">Hotelsterne-Bewertung<\/span><\/div><\/td><td class=\"qwen-markdown-table-tbody-tr-td\"><div class=\"qwen-markdown-table-tbody-tr-td-col\"><span class=\"qwen-markdown-text\">4,0 Sterne<\/span><\/div><\/td><\/tr><tr class=\"qwen-markdown-table-tbody-tr\"><td class=\"qwen-markdown-table-tbody-tr-td\"><div class=\"qwen-markdown-table-tbody-tr-td-col\"><span class=\"qwen-markdown-text\">Er\u00f6ffnungsjahr<\/span><\/div><\/td><td class=\"qwen-markdown-table-tbody-tr-td\"><div class=\"qwen-markdown-table-tbody-tr-td-col\"><span class=\"qwen-markdown-text\">2021<\/span><\/div><\/td><\/tr><tr class=\"qwen-markdown-table-tbody-tr\"><td class=\"qwen-markdown-table-tbody-tr-td\"><div class=\"qwen-markdown-table-tbody-tr-td-col\"><span class=\"qwen-markdown-text\">Rezeption<\/span><\/div><\/td><td class=\"qwen-markdown-table-tbody-tr-td\"><div class=\"qwen-markdown-table-tbody-tr-td-col\"><span class=\"qwen-markdown-text\">24\/7-Service<\/span><\/div><\/td><\/tr><tr class=\"qwen-markdown-table-tbody-tr\"><td class=\"qwen-markdown-table-tbody-tr-td\"><div class=\"qwen-markdown-table-tbody-tr-td-col\"><span class=\"qwen-markdown-text\">Zahlungsmethoden<\/span><\/div><\/td><td class=\"qwen-markdown-table-tbody-tr-td\"><div class=\"qwen-markdown-table-tbody-tr-td-col\"><span class=\"qwen-markdown-text\">Visa, MasterCard, Alipay, WeChat Pay<\/span><\/div><\/td><\/tr><tr class=\"qwen-markdown-table-tbody-tr\"><td class=\"qwen-markdown-table-tbody-tr-td\"><div class=\"qwen-markdown-table-tbody-tr-td-col\"><span class=\"qwen-markdown-text\">Kontaktnummer<\/span><\/div><\/td><td class=\"qwen-markdown-table-tbody-tr-td\"><div class=\"qwen-markdown-table-tbody-tr-td-col\"><span class=\"qwen-markdown-text\">+86-21-63362288<\/span><\/div><\/td><\/tr><tr class=\"qwen-markdown-table-tbody-tr\"><td class=\"qwen-markdown-table-tbody-tr-td\"><div class=\"qwen-markdown-table-tbody-tr-td-col\"><span class=\"qwen-markdown-text\">Stornierungsbedingungen<\/span><\/div><\/td><td class=\"qwen-markdown-table-tbody-tr-td\"><div class=\"qwen-markdown-table-tbody-tr-td-col\"><span class=\"qwen-markdown-text\">Abh\u00e4ngig von Zimmertyp und Buchungsbedingungen (in der Regel 48-72 Stunden kostenlose Stornierung).<\/span><\/div><\/td><\/tr><\/tbody><\/table><\/div><\/div><div class=\"qwen-markdown-hr\"><hr \/><\/div><div class=\"qwen-markdown-space\">\u00a0<\/div><div class=\"qwen-markdown-paragraph\"><strong class=\"qwen-markdown-strong\"><span class=\"qwen-markdown-text\" data-spm-anchor-id=\"a2ty_o01.29997173.0.i16.49465171wSuKI2\">F\u00fcr weitere Informationen oder konkrete Anfragen k\u00f6nnen Sie das Hotel direkt unter +86-21-63362288 kontaktieren oder die offizielle Website unter hotelchaletshanghai.com besuchen.<\/span><\/strong><\/div>\t\t\t\t\t\t\t\t<\/div>\n\t\t\t\t<\/div>\n\t\t\t\t\t<\/div>\n\t\t<\/div>\n\t\t\t\t\t<\/div>\n\t\t<\/section>\n\t\t<div class=\"elementor-element elementor-element-6fac4d42 e-flex e-con-boxed e-con e-parent\" data-id=\"6fac4d42\" data-element_type=\"container\" data-e-type=\"container\">\n\t\t\t\t\t<div class=\"e-con-inner\">\n\t\t\t\t<div class=\"elementor-element elementor-element-3b35386 elementor-widget elementor-widget-heading\" data-id=\"3b35386\" data-element_type=\"widget\" data-e-type=\"widget\" data-widget_type=\"heading.default\">\n\t\t\t\t<div class=\"elementor-widget-container\">\n\t\t\t\t\t<h2 class=\"elementor-heading-title elementor-size-default\">Verf\u00fcgbarkeit pr\u00fcfen <\/h2>\t\t\t\t<\/div>\n\t\t\t\t<\/div>\n\t\t\t\t<div class=\"elementor-element elementor-element-7e75c564 elementor-widget elementor-widget-text-editor\" data-id=\"7e75c564\" data-element_type=\"widget\" data-e-type=\"widget\" data-widget_type=\"text-editor.default\">\n\t\t\t\t<div class=\"elementor-widget-container\">\n\t\t\t\t\t\t\t\t\t<iframe border=\"0\" src=\"https:\/\/www.trip.com\/partners\/ad\/S2033103?Allianceid=5415915&#038;SID=179918369&#038;trip_sub1=\" style=\"width:900px;height:200px\" frameborder=\"0\" scrolling=\"no\" id=\"S2033103\"><\/iframe>\t\t\t\t\t\t\t\t<\/div>\n\t\t\t\t<\/div>\n\t\t\t\t\t<\/div>\n\t\t\t\t<\/div>\n\t\t\t\t<\/div>","protected":false},"excerpt":{"rendered":"<p>Below, you will find a list of the questions most frequently asked by our guests. FAQ&#8217;S Questions &amp; Answers Check-in &amp; Check-out 1. What are the check-in and check-out times? Check-in time starts at 14:00, and check-out time is before 12:00. Early check-in or late check-out can be requested during booking but is subject to [&hellip;]<\/p>\n","protected":false},"author":1,"featured_media":0,"parent":0,"menu_order":0,"comment_status":"closed","ping_status":"closed","template":"","meta":{"footnotes":""},"class_list":["post-2105","page","type-page","status-publish","hentry","post-no-thumbnail"],"_links":{"self":[{"href":"https:\/\/hotelchaletshanghai.com\/de\/wp-json\/wp\/v2\/pages\/2105","targetHints":{"allow":["GET"]}}],"collection":[{"href":"https:\/\/hotelchaletshanghai.com\/de\/wp-json\/wp\/v2\/pages"}],"about":[{"href":"https:\/\/hotelchaletshanghai.com\/de\/wp-json\/wp\/v2\/types\/page"}],"author":[{"embeddable":true,"href":"https:\/\/hotelchaletshanghai.com\/de\/wp-json\/wp\/v2\/users\/1"}],"replies":[{"embeddable":true,"href":"https:\/\/hotelchaletshanghai.com\/de\/wp-json\/wp\/v2\/comments?post=2105"}],"version-history":[{"count":0,"href":"https:\/\/hotelchaletshanghai.com\/de\/wp-json\/wp\/v2\/pages\/2105\/revisions"}],"wp:attachment":[{"href":"https:\/\/hotelchaletshanghai.com\/de\/wp-json\/wp\/v2\/media?parent=2105"}],"curies":[{"name":"wp","href":"https:\/\/api.w.org\/{rel}","templated":true}]}}