{"id":2103,"date":"2021-03-23T04:33:54","date_gmt":"2021-03-23T04:33:54","guid":{"rendered":"http:\/\/localhost\/nuss\/?page_id=103"},"modified":"2025-03-09T17:25:06","modified_gmt":"2025-03-09T17:25:06","slug":"uber-uns","status":"publish","type":"page","link":"https:\/\/hotelchaletshanghai.com\/de\/about-us\/","title":{"rendered":"\u00dcber uns"},"content":{"rendered":"<div data-elementor-type=\"wp-page\" data-elementor-id=\"2103\" class=\"elementor elementor-2103\">\n\t\t\t\t\t\t<section class=\"elementor-section elementor-top-section elementor-element elementor-element-8f5bb9d elementor-section-boxed elementor-section-gap-beside-yes elementor-section-height-default elementor-section-height-default elementor-section-column-vertical-align-stretch\" data-id=\"8f5bb9d\" data-element_type=\"section\" data-e-type=\"section\">\n\t\t\t\t\t\t<div class=\"elementor-container elementor-column-gap-extended\">\n\t\t\t\t\t<div class=\"elementor-column elementor-col-100 elementor-top-column elementor-element elementor-element-7ec4215\" data-id=\"7ec4215\" data-element_type=\"column\" data-e-type=\"column\">\n\t\t\t<div class=\"elementor-widget-wrap elementor-element-populated\">\n\t\t\t\t\t\t<div class=\"elementor-element elementor-element-edd9d03 elementor-widget__width-initial elementor-invisible elementor-widget elementor-widget-text-editor\" data-id=\"edd9d03\" data-element_type=\"widget\" data-e-type=\"widget\" data-settings=\"{&quot;_animation&quot;:&quot;nussFadeInUp&quot;}\" data-widget_type=\"text-editor.default\">\n\t\t\t\t<div class=\"elementor-widget-container\">\n\t\t\t\t\t\t\t\t\t<p>Eingebettet im pulsierenden Herzen einer der dynamischsten Metropolen Asiens pr\u00e4sentiert sich das Hotel Chalet Shanghai als architektonisches Gedicht, in dem sich Ost und West treffen, Tradition auf Innovation trifft und Luxus seinen authentischsten Ausdruck findet. Unser Haus in der Hankou Road Nr. 558 (\u6c49\u53e3\u8def) genie\u00dft eine privilegierte Lage an der Schnittstelle zwischen Shanghais geschichtstr\u00e4chtiger Vergangenheit und atemberaubender Zukunft.<\/p>\t\t\t\t\t\t\t\t<\/div>\n\t\t\t\t<\/div>\n\t\t\t\t\t<\/div>\n\t\t<\/div>\n\t\t\t\t\t<\/div>\n\t\t<\/section>\n\t\t\t\t<section class=\"elementor-section elementor-top-section elementor-element elementor-element-22f368b elementor-section-boxed elementor-section-gap-beside-yes elementor-section-height-default elementor-section-height-default elementor-section-column-vertical-align-stretch\" data-id=\"22f368b\" data-element_type=\"section\" data-e-type=\"section\">\n\t\t\t\t\t\t<div class=\"elementor-container elementor-column-gap-extended\">\n\t\t\t\t\t<div class=\"elementor-column elementor-col-50 elementor-top-column elementor-element elementor-element-cd50ecf\" data-id=\"cd50ecf\" data-element_type=\"column\" data-e-type=\"column\">\n\t\t\t<div class=\"elementor-widget-wrap elementor-element-populated\">\n\t\t\t\t\t\t<div class=\"elementor-element elementor-element-6811750 elementor-widget elementor-widget-text-editor\" data-id=\"6811750\" data-element_type=\"widget\" data-e-type=\"widget\" data-widget_type=\"text-editor.default\">\n\t\t\t\t<div class=\"elementor-widget-container\">\n\t\t\t\t\t\t\t\t\t<p>Wenn Sie durch unsere sorgf\u00e4ltig gefertigten Holzt\u00fcren treten, lassen Sie das berauschende Tempo der urbanen Symphonie Shanghais hinter sich und betreten eine Welt, in der alpine Eleganz mit chinesischer Gastfreundschaft harmoniert. Das Hotel Chalet Shanghai interpretiert einen luxuri\u00f6sen urbanen R\u00fcckzugsort neu \u2013 ein Schweizer Refugium inmitten der vertikalen Ambitionen von Chinas kosmopolitischster Stadt.<\/p>\t\t\t\t\t\t\t\t<\/div>\n\t\t\t\t<\/div>\n\t\t\t\t\t<\/div>\n\t\t<\/div>\n\t\t\t\t<div class=\"elementor-column elementor-col-50 elementor-top-column elementor-element elementor-element-414be75\" data-id=\"414be75\" data-element_type=\"column\" data-e-type=\"column\">\n\t\t\t<div class=\"elementor-widget-wrap elementor-element-populated\">\n\t\t\t\t\t\t<div class=\"elementor-element elementor-element-1d6e131 elementor-invisible nuss-elementor-loading nuss-slide-in-left elementor-widget elementor-widget-image\" data-id=\"1d6e131\" data-element_type=\"widget\" data-e-type=\"widget\" data-settings=\"{&quot;_animation&quot;:&quot;nussSlideInLeft&quot;}\" data-widget_type=\"image.default\">\n\t\t\t\t<div class=\"elementor-widget-container\">\n\t\t\t\t\t\t\t\t\t\t\t\t\t\t\t<img fetchpriority=\"high\" decoding=\"async\" width=\"1024\" height=\"682\" src=\"https:\/\/hotelchaletshanghai.com\/wp-content\/uploads\/2025\/03\/0202f120008jdr6a52CE9_W_1280_853_R5-1024x682.webp\" class=\"attachment-large size-large wp-image-5552\" alt=\"\" srcset=\"https:\/\/hotelchaletshanghai.com\/wp-content\/uploads\/2025\/03\/0202f120008jdr6a52CE9_W_1280_853_R5-1024x682.webp 1024w, https:\/\/hotelchaletshanghai.com\/wp-content\/uploads\/2025\/03\/0202f120008jdr6a52CE9_W_1280_853_R5-300x200.webp 300w, https:\/\/hotelchaletshanghai.com\/wp-content\/uploads\/2025\/03\/0202f120008jdr6a52CE9_W_1280_853_R5-768x512.webp 768w, https:\/\/hotelchaletshanghai.com\/wp-content\/uploads\/2025\/03\/0202f120008jdr6a52CE9_W_1280_853_R5.webp 1280w\" sizes=\"(max-width: 1024px) 100vw, 1024px\" \/>\t\t\t\t\t\t\t\t\t\t\t\t\t\t\t<\/div>\n\t\t\t\t<\/div>\n\t\t\t\t\t<\/div>\n\t\t<\/div>\n\t\t\t\t\t<\/div>\n\t\t<\/section>\n\t\t\t\t<section class=\"elementor-section elementor-top-section elementor-element elementor-element-2393bc4 elementor-section-height-min-height elementor-section-stretched elementor-section-full_width elementor-section-items-stretch elementor-section-height-default elementor-section-column-vertical-align-stretch\" data-id=\"2393bc4\" data-element_type=\"section\" data-e-type=\"section\" data-settings=\"{&quot;stretch_section&quot;:&quot;section-stretched&quot;}\">\n\t\t\t\t\t\t<div class=\"elementor-container elementor-column-gap-no\">\n\t\t\t\t\t<div class=\"elementor-column elementor-col-50 elementor-top-column elementor-element elementor-element-41b487e\" data-id=\"41b487e\" data-element_type=\"column\" data-e-type=\"column\">\n\t\t\t<div class=\"elementor-widget-wrap elementor-element-populated\">\n\t\t\t\t\t\t<div class=\"elementor-element elementor-element-d12a3c0 elementor-widget__width-initial elementor-widget-mobile__width-inherit elementor-invisible nuss-elementor-loading nuss-slide-in-right elementor-widget elementor-widget-image\" data-id=\"d12a3c0\" data-element_type=\"widget\" data-e-type=\"widget\" data-settings=\"{&quot;_animation&quot;:&quot;nussSlideInRight&quot;}\" data-widget_type=\"image.default\">\n\t\t\t\t<div class=\"elementor-widget-container\">\n\t\t\t\t\t\t\t\t\t\t\t\t\t\t\t<img decoding=\"async\" width=\"1280\" height=\"853\" src=\"https:\/\/hotelchaletshanghai.com\/wp-content\/uploads\/2025\/03\/building.webp\" class=\"attachment-full size-full wp-image-5550\" alt=\"\" srcset=\"https:\/\/hotelchaletshanghai.com\/wp-content\/uploads\/2025\/03\/building.webp 1280w, https:\/\/hotelchaletshanghai.com\/wp-content\/uploads\/2025\/03\/building-300x200.webp 300w, https:\/\/hotelchaletshanghai.com\/wp-content\/uploads\/2025\/03\/building-1024x682.webp 1024w, https:\/\/hotelchaletshanghai.com\/wp-content\/uploads\/2025\/03\/building-768x512.webp 768w\" sizes=\"(max-width: 1280px) 100vw, 1280px\" \/>\t\t\t\t\t\t\t\t\t\t\t\t\t\t\t<\/div>\n\t\t\t\t<\/div>\n\t\t\t\t\t<\/div>\n\t\t<\/div>\n\t\t\t\t<div class=\"elementor-column elementor-col-50 elementor-top-column elementor-element elementor-element-281747b\" data-id=\"281747b\" data-element_type=\"column\" data-e-type=\"column\">\n\t\t\t<div class=\"elementor-widget-wrap elementor-element-populated\">\n\t\t\t\t\t\t<div class=\"elementor-element elementor-element-d77b752 elementor-invisible elementor-widget elementor-widget-nuss-heading\" data-id=\"d77b752\" data-element_type=\"widget\" data-e-type=\"widget\" data-settings=\"{&quot;_animation&quot;:&quot;nussFadeInUp&quot;}\" data-widget_type=\"nuss-heading.default\">\n\t\t\t\t<div class=\"elementor-widget-container\">\n\t\t\t\t\t\t\t<div class=\"nuss-modern-heading\">\r\n\t\t\t\r\n\t\t\t\t\t\t<div class=\"heading-primary-wrap\">\r\n\t\t\t\t<h4 class=\"heading-primary elementor-heading-title\">HOTEL CHALET SHANGHAI<\/h4>\t\t\t<\/div>\r\n\t\t\r\n\t\t\t\t\t\t<div class=\"heading-divider-wrap\">\r\n\t\t\t\t<div class=\"heading-divider\" style=\"left: 0px;top: 6px\"><\/div>\r\n\t\t\t<\/div>\r\n\t\r\n\t\t\t\t\t<\/div>\r\n\t\t\t\t\t<\/div>\n\t\t\t\t<\/div>\n\t\t\t\t<div class=\"elementor-element elementor-element-2ba7908 elementor-invisible elementor-widget elementor-widget-text-editor\" data-id=\"2ba7908\" data-element_type=\"widget\" data-e-type=\"widget\" data-settings=\"{&quot;_animation&quot;:&quot;nussFadeInUp&quot;}\" data-widget_type=\"text-editor.default\">\n\t\t\t\t<div class=\"elementor-widget-container\">\n\t\t\t\t\t\t\t\t\t<p>Das Geb\u00e4ude selbst erz\u00e4hlt eine faszinierende Geschichte. Urspr\u00fcnglich in den 1930er Jahren, w\u00e4hrend Shanghais goldenem Zeitalter als \u201eParis des Ostens\u201c, erbaut, wurde unser Geb\u00e4ude liebevoll restauriert und umgestaltet. Dabei wurde sein Art-d\u00e9co-Stil bewahrt und mit modernen alpinen Designelementen erg\u00e4nzt. Die freiliegenden Holzbalken, Natursteinakzente und handgeschnitzten M\u00f6belst\u00fccke schaffen eine Atmosph\u00e4re, die G\u00e4ste vom Bund ins Berner Oberland versetzt, ohne dabei auf authentische chinesische Akzente zu verzichten, die das Erlebnis fest in Shanghai verankern.<\/p>\t\t\t\t\t\t\t\t<\/div>\n\t\t\t\t<\/div>\n\t\t\t\t\t<\/div>\n\t\t<\/div>\n\t\t\t\t\t<\/div>\n\t\t<\/section>\n\t\t\t\t<section class=\"elementor-section elementor-top-section elementor-element elementor-element-28a95d6 elementor-section-height-min-height elementor-section-stretched elementor-section-full_width elementor-section-items-stretch elementor-section-height-default elementor-section-column-vertical-align-stretch\" data-id=\"28a95d6\" data-element_type=\"section\" data-e-type=\"section\" data-settings=\"{&quot;stretch_section&quot;:&quot;section-stretched&quot;}\">\n\t\t\t\t\t\t<div class=\"elementor-container elementor-column-gap-no\">\n\t\t\t\t\t<div class=\"elementor-column elementor-col-50 elementor-top-column elementor-element elementor-element-511638b\" data-id=\"511638b\" data-element_type=\"column\" data-e-type=\"column\">\n\t\t\t<div class=\"elementor-widget-wrap elementor-element-populated\">\n\t\t\t\t\t\t<div class=\"elementor-element elementor-element-f01279a elementor-invisible elementor-widget elementor-widget-nuss-heading\" data-id=\"f01279a\" data-element_type=\"widget\" data-e-type=\"widget\" data-settings=\"{&quot;_animation&quot;:&quot;nussFadeInUp&quot;}\" data-widget_type=\"nuss-heading.default\">\n\t\t\t\t<div class=\"elementor-widget-container\">\n\t\t\t\t\t\t\t<div class=\"nuss-modern-heading\">\r\n\t\t\t\r\n\t\t\t\t\t\t<div class=\"heading-primary-wrap\">\r\n\t\t\t\t<h4 class=\"heading-primary elementor-heading-title\">HOTEL CHALET SHANGHAI<\/h4>\t\t\t<\/div>\r\n\t\t\r\n\t\t\t\t\t\t<div class=\"heading-divider-wrap\">\r\n\t\t\t\t<div class=\"heading-divider\" style=\"left: 0px;top: 6px\"><\/div>\r\n\t\t\t<\/div>\r\n\t\r\n\t\t\t\t\t<\/div>\r\n\t\t\t\t\t<\/div>\n\t\t\t\t<\/div>\n\t\t\t\t<div class=\"elementor-element elementor-element-20ffb5d elementor-invisible elementor-widget elementor-widget-text-editor\" data-id=\"20ffb5d\" data-element_type=\"widget\" data-e-type=\"widget\" data-settings=\"{&quot;_animation&quot;:&quot;nussFadeInUp&quot;}\" data-widget_type=\"text-editor.default\">\n\t\t\t\t<div class=\"elementor-widget-container\">\n\t\t\t\t\t\t\t\t\t<p>Unsere Lage an der Hankou Road bringt unsere G\u00e4ste in die faszinierendsten Viertel Shanghais. Nur wenige Minuten vom historischen Bund mit seinen majest\u00e4tischen Geb\u00e4uden aus der Kolonialzeit entlang des Huangpu-Flusses und ebenso nah am Einkaufsparadies der Nanjing Road entfernt, bietet das Hotel Chalet Shanghai einen unvergleichlichen Zugang zum alten und neuen Shanghai. Der nahegelegene Yu-Garten bietet einen Einblick in die klassische chinesische \u00c4sthetik, w\u00e4hrend die futuristische Skyline von Pudong auf der anderen Seite des Flusses Chinas kometenhaften Aufstieg auf der Weltb\u00fchne widerspiegelt.<\/p><p>Was das Hotel Chalet Shanghai wirklich auszeichnet, ist unser Engagement, Erlebnisse zu schaffen, anstatt nur Unterk\u00fcnfte anzubieten. Jedes unserer 68 Zimmer und Suiten ist individuell gestaltet und erz\u00e4hlt seine eigene Geschichte \u2013 manche sind von traditionellen Schweizer Chalets mit warmem Holz und gem\u00fctlichen Kaminen inspiriert, andere integrieren Elemente des Shanghaier Art-d\u00e9co-Erbes oder zeitgen\u00f6ssisches chinesisches Design. Alle eint das unersch\u00fctterliche Engagement f\u00fcr Handwerkskunst, Authentizit\u00e4t und Komfort, der kulturelle Grenzen \u00fcberwindet.<\/p>\t\t\t\t\t\t\t\t<\/div>\n\t\t\t\t<\/div>\n\t\t\t\t\t<\/div>\n\t\t<\/div>\n\t\t\t\t<div class=\"elementor-column elementor-col-50 elementor-top-column elementor-element elementor-element-7261c77\" data-id=\"7261c77\" data-element_type=\"column\" data-e-type=\"column\">\n\t\t\t<div class=\"elementor-widget-wrap elementor-element-populated\">\n\t\t\t\t\t\t<div class=\"elementor-element elementor-element-7ba3ce4 elementor-widget__width-initial elementor-widget-mobile__width-inherit elementor-invisible nuss-elementor-loading nuss-slide-in-right elementor-widget elementor-widget-image\" data-id=\"7ba3ce4\" data-element_type=\"widget\" data-e-type=\"widget\" data-settings=\"{&quot;_animation&quot;:&quot;nussSlideInRight&quot;}\" data-widget_type=\"image.default\">\n\t\t\t\t<div class=\"elementor-widget-container\">\n\t\t\t\t\t\t\t\t\t\t\t\t\t\t\t<img decoding=\"async\" width=\"1280\" height=\"853\" src=\"https:\/\/hotelchaletshanghai.com\/wp-content\/uploads\/2025\/03\/location.webp\" class=\"attachment-full size-full wp-image-5549\" alt=\"\" srcset=\"https:\/\/hotelchaletshanghai.com\/wp-content\/uploads\/2025\/03\/location.webp 1280w, https:\/\/hotelchaletshanghai.com\/wp-content\/uploads\/2025\/03\/location-300x200.webp 300w, https:\/\/hotelchaletshanghai.com\/wp-content\/uploads\/2025\/03\/location-1024x682.webp 1024w, https:\/\/hotelchaletshanghai.com\/wp-content\/uploads\/2025\/03\/location-768x512.webp 768w\" sizes=\"(max-width: 1280px) 100vw, 1280px\" \/>\t\t\t\t\t\t\t\t\t\t\t\t\t\t\t<\/div>\n\t\t\t\t<\/div>\n\t\t\t\t\t<\/div>\n\t\t<\/div>\n\t\t\t\t\t<\/div>\n\t\t<\/section>\n\t\t\t\t<section class=\"elementor-section elementor-top-section elementor-element elementor-element-2fb8ef9 elementor-section-height-min-height elementor-section-stretched elementor-section-full_width elementor-section-items-stretch elementor-section-height-default elementor-section-column-vertical-align-stretch\" data-id=\"2fb8ef9\" data-element_type=\"section\" data-e-type=\"section\" data-settings=\"{&quot;stretch_section&quot;:&quot;section-stretched&quot;}\">\n\t\t\t\t\t\t<div class=\"elementor-container elementor-column-gap-no\">\n\t\t\t\t\t<div class=\"elementor-column elementor-col-50 elementor-top-column elementor-element elementor-element-64f2739\" data-id=\"64f2739\" data-element_type=\"column\" data-e-type=\"column\">\n\t\t\t<div class=\"elementor-widget-wrap elementor-element-populated\">\n\t\t\t\t\t\t<div class=\"elementor-element elementor-element-6070eb5 elementor-widget__width-initial elementor-widget-mobile__width-inherit elementor-invisible nuss-elementor-loading nuss-slide-in-right elementor-widget elementor-widget-image\" data-id=\"6070eb5\" data-element_type=\"widget\" data-e-type=\"widget\" data-settings=\"{&quot;_animation&quot;:&quot;nussSlideInRight&quot;}\" data-widget_type=\"image.default\">\n\t\t\t\t<div class=\"elementor-widget-container\">\n\t\t\t\t\t\t\t\t\t\t\t\t\t\t\t<img loading=\"lazy\" decoding=\"async\" width=\"1280\" height=\"853\" src=\"https:\/\/hotelchaletshanghai.com\/wp-content\/uploads\/2025\/03\/food.webp\" class=\"attachment-full size-full wp-image-5548\" alt=\"\" srcset=\"https:\/\/hotelchaletshanghai.com\/wp-content\/uploads\/2025\/03\/food.webp 1280w, https:\/\/hotelchaletshanghai.com\/wp-content\/uploads\/2025\/03\/food-300x200.webp 300w, https:\/\/hotelchaletshanghai.com\/wp-content\/uploads\/2025\/03\/food-1024x682.webp 1024w, https:\/\/hotelchaletshanghai.com\/wp-content\/uploads\/2025\/03\/food-768x512.webp 768w\" sizes=\"(max-width: 1280px) 100vw, 1280px\" \/>\t\t\t\t\t\t\t\t\t\t\t\t\t\t\t<\/div>\n\t\t\t\t<\/div>\n\t\t\t\t\t<\/div>\n\t\t<\/div>\n\t\t\t\t<div class=\"elementor-column elementor-col-50 elementor-top-column elementor-element elementor-element-32fe86e\" data-id=\"32fe86e\" data-element_type=\"column\" data-e-type=\"column\">\n\t\t\t<div class=\"elementor-widget-wrap elementor-element-populated\">\n\t\t\t\t\t\t<div class=\"elementor-element elementor-element-3f2ab08 elementor-invisible elementor-widget elementor-widget-nuss-heading\" data-id=\"3f2ab08\" data-element_type=\"widget\" data-e-type=\"widget\" data-settings=\"{&quot;_animation&quot;:&quot;nussFadeInUp&quot;}\" data-widget_type=\"nuss-heading.default\">\n\t\t\t\t<div class=\"elementor-widget-container\">\n\t\t\t\t\t\t\t<div class=\"nuss-modern-heading\">\r\n\t\t\t\r\n\t\t\t\t\t\t<div class=\"heading-primary-wrap\">\r\n\t\t\t\t<h4 class=\"heading-primary elementor-heading-title\">HOTEL CHALET SHANGHAI<\/h4>\t\t\t<\/div>\r\n\t\t\r\n\t\t\t\t\t\t<div class=\"heading-divider-wrap\">\r\n\t\t\t\t<div class=\"heading-divider\" style=\"left: 0px;top: 6px\"><\/div>\r\n\t\t\t<\/div>\r\n\t\r\n\t\t\t\t\t<\/div>\r\n\t\t\t\t\t<\/div>\n\t\t\t\t<\/div>\n\t\t\t\t<div class=\"elementor-element elementor-element-13a5d72 elementor-invisible elementor-widget elementor-widget-text-editor\" data-id=\"13a5d72\" data-element_type=\"widget\" data-e-type=\"widget\" data-settings=\"{&quot;_animation&quot;:&quot;nussFadeInUp&quot;}\" data-widget_type=\"text-editor.default\">\n\t\t\t\t<div class=\"elementor-widget-container\">\n\t\t\t\t\t\t\t\t\t<p>Unsere kulinarische Reise spiegelt diese interkulturelle Philosophie wider. In unserem Restaurant Alpenglow kreieren in der Schweiz ausgebildete K\u00f6che alpine Klassiker mit regionalen chinesischen Zutaten. Das Ergebnis sind Gerichte, die gleicherma\u00dfen vertraut und \u00fcberraschend sind. Unser Shanghai Social Club bietet raffinierte Shanghaier K\u00fcche mit subtilen europ\u00e4ischen Einfl\u00fcssen \u2013 serviert in einem Ambiente, das an den Glamour des Shanghai der 1930er Jahre erinnert.<\/p><p>Neben Komfort und \u00c4sthetik ist das Hotel Chalet Shanghai stolz auf seinen Service, der das Beste aus beiden Welten vereint \u2013 Schweizer Pr\u00e4zision und Liebe zum Detail gepaart mit der W\u00e4rme und Flexibilit\u00e4t chinesischer Gastfreundschaft. Unser mehrsprachiges Personal erkennt W\u00fcnsche, bevor sie entstehen, und sorgt so f\u00fcr ein reibungsloses Erlebnis f\u00fcr Gesch\u00e4ftsreisende und Urlauber gleicherma\u00dfen.<\/p><p>Wenn der Tag in den Abend \u00fcbergeht, verwandelt sich das Hotel erneut. Die Matterhorn Bar auf unserer Dachterrasse bietet einen Panoramablick auf die Skyline von Shanghai. Hier k\u00f6nnen G\u00e4ste fachm\u00e4nnisch gemixte Cocktails genie\u00dfen, die Schweizer Spirituosen mit chinesischen Kr\u00e4utern vereinen, w\u00e4hrend sie die Stadt unter sich erstrahlen sehen \u2013 eine perfekte Metapher f\u00fcr die kulturelle Fusion, die unser Haus auszeichnet.<\/p>\t\t\t\t\t\t\t\t<\/div>\n\t\t\t\t<\/div>\n\t\t\t\t\t<\/div>\n\t\t<\/div>\n\t\t\t\t\t<\/div>\n\t\t<\/section>\n\t\t<div class=\"elementor-element elementor-element-b2e931c e-flex e-con-boxed e-con e-parent\" data-id=\"b2e931c\" data-element_type=\"container\" data-e-type=\"container\">\n\t\t\t\t\t<div class=\"e-con-inner\">\n\t\t\t\t\t<\/div>\n\t\t\t\t<\/div>\n\t\t<div class=\"elementor-element elementor-element-53ddea3d e-flex e-con-boxed e-con e-parent\" data-id=\"53ddea3d\" data-element_type=\"container\" data-e-type=\"container\">\n\t\t\t\t\t<div class=\"e-con-inner\">\n\t\t\t\t<div class=\"elementor-element elementor-element-3ddfd5d3 elementor-widget elementor-widget-heading\" data-id=\"3ddfd5d3\" data-element_type=\"widget\" data-e-type=\"widget\" data-widget_type=\"heading.default\">\n\t\t\t\t<div class=\"elementor-widget-container\">\n\t\t\t\t\t<h2 class=\"elementor-heading-title elementor-size-default\">Verf\u00fcgbarkeit pr\u00fcfen <\/h2>\t\t\t\t<\/div>\n\t\t\t\t<\/div>\n\t\t\t\t<div class=\"elementor-element elementor-element-6bdf250a elementor-widget elementor-widget-text-editor\" data-id=\"6bdf250a\" data-element_type=\"widget\" data-e-type=\"widget\" data-widget_type=\"text-editor.default\">\n\t\t\t\t<div class=\"elementor-widget-container\">\n\t\t\t\t\t\t\t\t\t<iframe border=\"0\" src=\"https:\/\/www.trip.com\/partners\/ad\/S2033103?Allianceid=5415915&#038;SID=179918369&#038;trip_sub1=\" style=\"width:900px;height:200px\" frameborder=\"0\" scrolling=\"no\" id=\"S2033103\"><\/iframe>\t\t\t\t\t\t\t\t<\/div>\n\t\t\t\t<\/div>\n\t\t\t\t\t<\/div>\n\t\t\t\t<\/div>\n\t\t<div class=\"elementor-element elementor-element-f747337 e-flex e-con-boxed e-con e-parent\" data-id=\"f747337\" data-element_type=\"container\" data-e-type=\"container\">\n\t\t\t\t\t<div class=\"e-con-inner\">\n\t\t\t\t<div class=\"elementor-element elementor-element-2add166 elementor-widget elementor-widget-text-editor\" data-id=\"2add166\" data-element_type=\"widget\" data-e-type=\"widget\" data-widget_type=\"text-editor.default\">\n\t\t\t\t<div class=\"elementor-widget-container\">\n\t\t\t\t\t\t\t\t\t<p>Unsere kulinarische Reise spiegelt diese interkulturelle Philosophie wider. In unserem Restaurant Alpenglow kreieren in der Schweiz ausgebildete K\u00f6che alpine Klassiker mit regionalen chinesischen Zutaten. Das Ergebnis sind Gerichte, die gleicherma\u00dfen vertraut und \u00fcberraschend sind. Unser Shanghai Social Club bietet raffinierte Shanghaier K\u00fcche mit subtilen europ\u00e4ischen Einfl\u00fcssen \u2013 serviert in einem Ambiente, das an den Glamour des Shanghai der 1930er Jahre erinnert.<\/p><p>Neben Komfort und \u00c4sthetik ist das Hotel Chalet Shanghai stolz auf seinen Service, der das Beste aus beiden Welten vereint \u2013 Schweizer Pr\u00e4zision und Liebe zum Detail gepaart mit der W\u00e4rme und Flexibilit\u00e4t chinesischer Gastfreundschaft. Unser mehrsprachiges Personal erkennt W\u00fcnsche, bevor sie entstehen, und sorgt so f\u00fcr ein reibungsloses Erlebnis f\u00fcr Gesch\u00e4ftsreisende und Urlauber gleicherma\u00dfen.<\/p><p>Wenn der Tag in den Abend \u00fcbergeht, verwandelt sich das Hotel erneut. Die Matterhorn Bar auf unserer Dachterrasse bietet einen Panoramablick auf die Skyline von Shanghai. Hier k\u00f6nnen G\u00e4ste fachm\u00e4nnisch gemixte Cocktails genie\u00dfen, die Schweizer Spirituosen mit chinesischen Kr\u00e4utern vereinen, w\u00e4hrend sie die Stadt unter sich erstrahlen sehen \u2013 eine perfekte Metapher f\u00fcr die kulturelle Fusion, die unser Haus auszeichnet.<\/p>\t\t\t\t\t\t\t\t<\/div>\n\t\t\t\t<\/div>\n\t\t\t\t\t<\/div>\n\t\t\t\t<\/div>\n\t\t\t\t<\/div>","protected":false},"excerpt":{"rendered":"<p>Nestled in the vibrant heart of one of Asia&#8217;s most dynamic metropolises, Hotel Chalet Shanghai stands as an architectural poem where East meets West, tradition embraces innovation, and luxury finds its most authentic expression. Located at No. 558 Hankou Road (\u6c49\u53e3\u8def), our establishment occupies a privileged position at the crossroads of Shanghai&#8217;s storied past and [&hellip;]<\/p>\n","protected":false},"author":1,"featured_media":0,"parent":0,"menu_order":0,"comment_status":"closed","ping_status":"closed","template":"","meta":{"footnotes":""},"class_list":["post-2103","page","type-page","status-publish","hentry","post-no-thumbnail"],"_links":{"self":[{"href":"https:\/\/hotelchaletshanghai.com\/de\/wp-json\/wp\/v2\/pages\/2103","targetHints":{"allow":["GET"]}}],"collection":[{"href":"https:\/\/hotelchaletshanghai.com\/de\/wp-json\/wp\/v2\/pages"}],"about":[{"href":"https:\/\/hotelchaletshanghai.com\/de\/wp-json\/wp\/v2\/types\/page"}],"author":[{"embeddable":true,"href":"https:\/\/hotelchaletshanghai.com\/de\/wp-json\/wp\/v2\/users\/1"}],"replies":[{"embeddable":true,"href":"https:\/\/hotelchaletshanghai.com\/de\/wp-json\/wp\/v2\/comments?post=2103"}],"version-history":[{"count":0,"href":"https:\/\/hotelchaletshanghai.com\/de\/wp-json\/wp\/v2\/pages\/2103\/revisions"}],"wp:attachment":[{"href":"https:\/\/hotelchaletshanghai.com\/de\/wp-json\/wp\/v2\/media?parent=2103"}],"curies":[{"name":"wp","href":"https:\/\/api.w.org\/{rel}","templated":true}]}}